{"id":131,"date":"2023-06-16T17:08:38","date_gmt":"2023-06-16T17:08:38","guid":{"rendered":"https:\/\/iagtest.cloudns.ph\/?page_id=131"},"modified":"2026-03-11T15:36:25","modified_gmt":"2026-03-11T15:36:25","slug":"trabajo-precientifico-vwa","status":"publish","type":"page","link":"https:\/\/iagtest.cloudns.ph\/de\/trabajo-precientifico-vwa\/","title":{"rendered":"Vorwissenschaftliche Arbeit (VWA)"},"content":{"rendered":"<div data-elementor-type=\"wp-page\" data-elementor-id=\"131\" class=\"elementor elementor-131\" data-elementor-post-type=\"page\">\n\t\t\t\t<div class=\"elementor-element elementor-element-32e41fc e-flex e-con-boxed e-con e-parent\" data-id=\"32e41fc\" data-element_type=\"container\" data-e-type=\"container\">\n\t\t\t\t\t<div class=\"e-con-inner\">\n\t\t\t\t<div class=\"elementor-element elementor-element-71f083c elementor-widget elementor-widget-text-editor\" data-id=\"71f083c\" data-element_type=\"widget\" data-e-type=\"widget\" data-widget_type=\"text-editor.default\">\n\t\t\t\t\t\t\t\t\t<p>Die \u00f6sterreichische Regierung legt in ihrer Unterrichtsgesetzgebung die Voraussetzungen f\u00fcr\nden Erwerb des \u00f6sterreichischen Reifepr\u00fcfungszeugnisses fest.<\/p><p>Im 1. Semester des IV. Bachillerato beginnen die Sch\u00fclerInnen mit der Ausarbeitung ihrer\nVorwissenschaftlichen Arbeit (VWA) in einer der drei Schulsprachen. Die entsprechenden\nErwartungshorizonte werden durch die Schulaufsicht des Bundesministeriums f\u00fcr Bildung,\nWissenschaft und Forschung genehmigt. Im V. Bachillerato legen die Sch\u00fclerInnen ein\nExemplar ihrer VWA vor und schlie\u00dflich erfolgt in einer 3. Etappe die Pr\u00e4sentation und\nDiskussion der Arbeit vor der entsprechenden VWA-Kommission.<\/p>\t\t\t\t\t\t\t\t<\/div>\n\t\t\t\t\t<\/div>\n\t\t\t\t<\/div>\n\t\t<div class=\"elementor-element elementor-element-079ec52 e-flex e-con-boxed e-con e-parent\" data-id=\"079ec52\" data-element_type=\"container\" data-e-type=\"container\">\n\t\t\t\t\t<div class=\"e-con-inner\">\n\t\t\t\t<div class=\"elementor-element elementor-element-cdedf1d elementor-widget elementor-widget-button\" data-id=\"cdedf1d\" data-element_type=\"widget\" data-e-type=\"widget\" data-widget_type=\"button.default\">\n\t\t\t\t\t\t\t\t\t\t<a class=\"elementor-button elementor-button-link elementor-size-sm\" href=\"http:\/\/www.ahs-vwa.at\/\" target=\"_blank\">\n\t\t\t\t\t\t<span class=\"elementor-button-content-wrapper\">\n\t\t\t\t\t\t\t\t\t<span class=\"elementor-button-text\">Weitere Informationen<\/span>\n\t\t\t\t\t<\/span>\n\t\t\t\t\t<\/a>\n\t\t\t\t\t\t\t\t<\/div>\n\t\t\t\t\t<\/div>\n\t\t\t\t<\/div>\n\t\t\t\t<\/div>","protected":false},"excerpt":{"rendered":"<p>El Gobierno de Austria establece en su legislaci\u00f3n educativa los requisitos que los alumnos deben cumplir para recibir el bolet\u00edn oficial de la Rep\u00fablica de Austria. En el primer semestre de IV Bachillerato, los alumnos inician la elaboraci\u00f3n de un Trabajo Precient\u00edfico -VWA- en uno de los tres idiomas del colegio. El anteproyecto es autorizado [&hellip;]<\/p>\n","protected":false},"author":1,"featured_media":0,"parent":0,"menu_order":0,"comment_status":"closed","ping_status":"closed","template":"","meta":{"ngg_post_thumbnail":0,"footnotes":""},"class_list":["post-131","page","type-page","status-publish","hentry"],"_links":{"self":[{"href":"https:\/\/iagtest.cloudns.ph\/de\/wp-json\/wp\/v2\/pages\/131","targetHints":{"allow":["GET"]}}],"collection":[{"href":"https:\/\/iagtest.cloudns.ph\/de\/wp-json\/wp\/v2\/pages"}],"about":[{"href":"https:\/\/iagtest.cloudns.ph\/de\/wp-json\/wp\/v2\/types\/page"}],"author":[{"embeddable":true,"href":"https:\/\/iagtest.cloudns.ph\/de\/wp-json\/wp\/v2\/users\/1"}],"replies":[{"embeddable":true,"href":"https:\/\/iagtest.cloudns.ph\/de\/wp-json\/wp\/v2\/comments?post=131"}],"version-history":[{"count":11,"href":"https:\/\/iagtest.cloudns.ph\/de\/wp-json\/wp\/v2\/pages\/131\/revisions"}],"predecessor-version":[{"id":2409,"href":"https:\/\/iagtest.cloudns.ph\/de\/wp-json\/wp\/v2\/pages\/131\/revisions\/2409"}],"wp:attachment":[{"href":"https:\/\/iagtest.cloudns.ph\/de\/wp-json\/wp\/v2\/media?parent=131"}],"curies":[{"name":"wp","href":"https:\/\/api.w.org\/{rel}","templated":true}]}}