{"id":133,"date":"2023-06-16T17:10:33","date_gmt":"2023-06-16T17:10:33","guid":{"rendered":"https:\/\/iagtest.cloudns.ph\/?page_id=133"},"modified":"2026-03-11T16:30:37","modified_gmt":"2026-03-11T16:30:37","slug":"maturas-escritas-y-orales","status":"publish","type":"page","link":"https:\/\/iagtest.cloudns.ph\/de\/maturas-escritas-y-orales\/","title":{"rendered":"Reifepr\u00fcfung"},"content":{"rendered":"<div data-elementor-type=\"wp-page\" data-elementor-id=\"133\" class=\"elementor elementor-133\" data-elementor-post-type=\"page\">\n\t\t\t\t<div class=\"elementor-element elementor-element-93b22c4 e-flex e-con-boxed e-con e-parent\" data-id=\"93b22c4\" data-element_type=\"container\" data-e-type=\"container\">\n\t\t\t\t\t<div class=\"e-con-inner\">\n\t\t\t\t<div class=\"elementor-element elementor-element-91f2455 elementor-widget elementor-widget-text-editor\" data-id=\"91f2455\" data-element_type=\"widget\" data-e-type=\"widget\" data-widget_type=\"text-editor.default\">\n\t\t\t\t\t\t\t\t\t<p>Im V. Bachillerato legen die Sch\u00fclerInnen die Standardisierte Reifepr\u00fcfung ab, bei der sie\nsowohl in den naturwissenschaftlichen als auch in den humanistischen F\u00e4chern unter\nBer\u00fccksichtigung der drei am Instituto Austriaco gelehrten Sprachen schriftlich und m\u00fcndlich\nantreten m\u00fcssen.<\/p><p>Die m\u00fcndlichen Pr\u00fcfungen erfolgen vor einer Kommission unter dem Vorsitz einer\nVertreterin\/eines Vertreters des \u00f6sterreichischen Bildungsministeriums, des Direktors, der\nTechnischen Direktorin, der jeweiligen Klassenvorst\u00e4nde\/innen sowie jeweils 2\nFachpr\u00fcfern\/innen.<\/p><p>Zugleich werden in allen F\u00e4chern die Anforderungen des Curr\u00edculo Nacional Base entsprechend\nder Bildungsreform (Acuerdo Ministerial 1961-2005, CNB Nivel Preprimario; Acuerdo Ministerial\n35-2005 CNB Nivel Primario; Acuerdo Ministerial 178-2009 CNB Ciclo de Educaci\u00f3n B\u00e1sica;\nAcuerdo Ministerial 379-2009 CNB de Bachillerato en Ciencias y Letras) in allen am Instituto\nAustriaco Guatemalteco genehmigten Ausbildungsstufen erf\u00fcllt.<\/p><p>Am Schluss erhalten die MaturantInnen das Diplom eines Bachiller en Ciencias y Letras des\nguatemaltekischen Bildungsministeriums und das Reifepr\u00fcfungszeugnis des \u00f6sterreichischen\nBildungsministeriums. Diese beiden Dokumente gestatten den AbsolventInnen ihre Studien in\n\u00d6sterreich, in den Vereinigten Staaten so wie allgemein in Europa zu beginnen sowie um\nAuslandsstipendien anzusuchen.<\/p>\t\t\t\t\t\t\t\t<\/div>\n\t\t\t\t\t<\/div>\n\t\t\t\t<\/div>\n\t\t<div class=\"elementor-element elementor-element-7290f4e e-flex e-con-boxed e-con e-parent\" data-id=\"7290f4e\" data-element_type=\"container\" data-e-type=\"container\">\n\t\t\t\t\t<div class=\"e-con-inner\">\n\t\t\t\t<div class=\"elementor-element elementor-element-2f36504 elementor-widget elementor-widget-button\" data-id=\"2f36504\" data-element_type=\"widget\" data-e-type=\"widget\" data-widget_type=\"button.default\">\n\t\t\t\t\t\t\t\t\t\t<a class=\"elementor-button elementor-button-link elementor-size-sm\" href=\"https:\/\/www.bmb.gv.at\/Themen\/schule\/schulpraxis\/zentralmatura\/srdp_ahs.html\" target=\"_blank\">\n\t\t\t\t\t\t<span class=\"elementor-button-content-wrapper\">\n\t\t\t\t\t\t\t\t\t<span class=\"elementor-button-text\">Weitere Informationen<\/span>\n\t\t\t\t\t<\/span>\n\t\t\t\t\t<\/a>\n\t\t\t\t\t\t\t\t<\/div>\n\t\t\t\t\t<\/div>\n\t\t\t\t<\/div>\n\t\t\t\t<\/div>","protected":false},"excerpt":{"rendered":"<p>En V Bachillerato, los alumnos deben sustentar y aprobar los Ex\u00e1menes de Graduaci\u00f3n\u00a0 Maturas\u2013 escritos y orales, en los cuales combinan las \u00e1reas cient\u00edficas y human\u00edsticas, incluyendo los tres idiomas ense\u00f1ados en el Instituto Austriaco, tanto en forma escrita como oral. Los ex\u00e1menes orales se sustentan frente a una comisi\u00f3n formada por un delegado austriaco, [&hellip;]<\/p>\n","protected":false},"author":1,"featured_media":0,"parent":0,"menu_order":0,"comment_status":"closed","ping_status":"closed","template":"","meta":{"ngg_post_thumbnail":0,"footnotes":""},"class_list":["post-133","page","type-page","status-publish","hentry"],"_links":{"self":[{"href":"https:\/\/iagtest.cloudns.ph\/de\/wp-json\/wp\/v2\/pages\/133","targetHints":{"allow":["GET"]}}],"collection":[{"href":"https:\/\/iagtest.cloudns.ph\/de\/wp-json\/wp\/v2\/pages"}],"about":[{"href":"https:\/\/iagtest.cloudns.ph\/de\/wp-json\/wp\/v2\/types\/page"}],"author":[{"embeddable":true,"href":"https:\/\/iagtest.cloudns.ph\/de\/wp-json\/wp\/v2\/users\/1"}],"replies":[{"embeddable":true,"href":"https:\/\/iagtest.cloudns.ph\/de\/wp-json\/wp\/v2\/comments?post=133"}],"version-history":[{"count":14,"href":"https:\/\/iagtest.cloudns.ph\/de\/wp-json\/wp\/v2\/pages\/133\/revisions"}],"predecessor-version":[{"id":2434,"href":"https:\/\/iagtest.cloudns.ph\/de\/wp-json\/wp\/v2\/pages\/133\/revisions\/2434"}],"wp:attachment":[{"href":"https:\/\/iagtest.cloudns.ph\/de\/wp-json\/wp\/v2\/media?parent=133"}],"curies":[{"name":"wp","href":"https:\/\/api.w.org\/{rel}","templated":true}]}}