{"id":135,"date":"2023-06-16T17:11:35","date_gmt":"2023-06-16T17:11:35","guid":{"rendered":"https:\/\/iagtest.cloudns.ph\/?page_id=135"},"modified":"2026-03-11T14:29:05","modified_gmt":"2026-03-11T14:29:05","slug":"personal-docente","status":"publish","type":"page","link":"https:\/\/iagtest.cloudns.ph\/de\/personal-docente\/","title":{"rendered":"Lehrk\u00f6rper"},"content":{"rendered":"<div data-elementor-type=\"wp-page\" data-elementor-id=\"135\" class=\"elementor elementor-135\" data-elementor-post-type=\"page\">\n\t\t\t\t<div class=\"elementor-element elementor-element-cbfd33b e-flex e-con-boxed e-con e-parent\" data-id=\"cbfd33b\" data-element_type=\"container\" data-e-type=\"container\">\n\t\t\t\t\t<div class=\"e-con-inner\">\n\t\t\t\t<div class=\"elementor-element elementor-element-64663ff elementor-widget elementor-widget-text-editor\" data-id=\"64663ff\" data-element_type=\"widget\" data-e-type=\"widget\" data-widget_type=\"text-editor.default\">\n\t\t\t\t\t\t\t\t\t<p>Der \u00f6sterreichische Direktor wird vom \u00f6sterreichischen Bildungsministerium bestellt. Die Direktor_innen der Vorschule, der Mittel- und der Oberstufe sind Guatemaltek_innen und erhalten die entsprechende Ernennung durch das guatemaltekische Unterrichtsministerium. Dar\u00fcberhinaus gibt es noch Koordinator_innen, die f\u00fcr die Volksschule, f\u00fcr die naturwissenschaftlichen F\u00e4cher, f\u00fcr Deutsch als Unterrichtssprache, f\u00fcr Spanisch, f\u00fcr Englisch und f\u00fcr Sporterziehung verantwortlich sind.<\/p><p>Der Lehrk\u00f6rper besteht aus sorgsam ausgew\u00e4hlten guatemaltekischen und \u00f6sterreichischen Lehrer_innen mit Lehrbef\u00e4higung in den von ihnen unterrichteten F\u00e4chern. Das \u00f6sterreichische Bildungsministerium subventioniert den \u00f6sterreichischen Lehrk\u00f6rper, um die Kosten der Bildungsdienstleistungen f\u00fcr die guatemaltekische Bev\u00f6lkerung finanziell erschwinglich zu halten. Jede(r) guatemaltekische Lehrer_in besitzt ebenfalls die vom Unterrichtsministerum geforderte Lehrbef\u00e4higung f\u00fcr seine\/ihre F\u00e4cher.<\/p><p>Der Lehrk\u00f6rper der Vorschule setzt sich aus Lehrer_innen mit der Vorschullehrer_innenausbildung zusammen. In jeder Klasse arbeiten zwei Lehrer_innen (Deutsch und Spanisch). In der Volksschule unterrichten guatemaltekische Lehrer_innen mit Volksschullehrbef\u00e4higung Spanisch und \u00f6sterreichische Lehrer_innen Deutsch, Mathematik, Musik und Zeichnen. In der Mittelstufe hingegen unterrichtet guatemaltekisches und \u00f6sterreichisches Personal mit entsprechender Lehrbef\u00e4higung f\u00fcr diese F\u00e4cher.<\/p><p>F\u00fcr den Unterricht in den praktischen F\u00e4chern steht ebenfalls ausschlie\u00dflich qualifiziertes Personal zur Verf\u00fcgung: Sporterziehung, Hauswirtschaft, Musikerziehung, Kunsterziehung und Kunstgeschichte.<\/p>\t\t\t\t\t\t\t\t<\/div>\n\t\t\t\t\t<\/div>\n\t\t\t\t<\/div>\n\t\t<div class=\"elementor-element elementor-element-7989aef e-grid e-con-boxed e-con e-parent\" data-id=\"7989aef\" data-element_type=\"container\" data-e-type=\"container\">\n\t\t\t\t\t<div class=\"e-con-inner\">\n\t\t\t\t<div class=\"elementor-element elementor-element-6c27346 elementor-widget elementor-widget-image\" data-id=\"6c27346\" data-element_type=\"widget\" data-e-type=\"widget\" data-widget_type=\"image.default\">\n\t\t\t\t\t\t\t\t\t\t\t\t\t\t\t<img fetchpriority=\"high\" decoding=\"async\" width=\"800\" height=\"519\" src=\"https:\/\/iagtest.cloudns.ph\/wp-content\/uploads\/2026\/03\/docentes-prepri-1024x664.jpg\" class=\"attachment-large size-large wp-image-2365\" alt=\"\" srcset=\"https:\/\/iagtest.cloudns.ph\/wp-content\/uploads\/2026\/03\/docentes-prepri-1024x664.jpg 1024w, https:\/\/iagtest.cloudns.ph\/wp-content\/uploads\/2026\/03\/docentes-prepri-300x195.jpg 300w, https:\/\/iagtest.cloudns.ph\/wp-content\/uploads\/2026\/03\/docentes-prepri-768x498.jpg 768w, https:\/\/iagtest.cloudns.ph\/wp-content\/uploads\/2026\/03\/docentes-prepri-18x12.jpg 18w, https:\/\/iagtest.cloudns.ph\/wp-content\/uploads\/2026\/03\/docentes-prepri.jpg 1152w\" sizes=\"(max-width: 800px) 100vw, 800px\" \/>\t\t\t\t\t\t\t\t\t\t\t\t\t\t\t<\/div>\n\t\t\t\t<div class=\"elementor-element elementor-element-71b6a8a elementor-widget elementor-widget-image\" data-id=\"71b6a8a\" data-element_type=\"widget\" data-e-type=\"widget\" data-widget_type=\"image.default\">\n\t\t\t\t\t\t\t\t\t\t\t\t\t\t\t<img decoding=\"async\" width=\"800\" height=\"502\" src=\"https:\/\/iagtest.cloudns.ph\/wp-content\/uploads\/2026\/03\/docentes-pri-sec-1024x643.jpg\" class=\"attachment-large size-large wp-image-2366\" alt=\"\" srcset=\"https:\/\/iagtest.cloudns.ph\/wp-content\/uploads\/2026\/03\/docentes-pri-sec-1024x643.jpg 1024w, https:\/\/iagtest.cloudns.ph\/wp-content\/uploads\/2026\/03\/docentes-pri-sec-300x188.jpg 300w, https:\/\/iagtest.cloudns.ph\/wp-content\/uploads\/2026\/03\/docentes-pri-sec-768x482.jpg 768w, https:\/\/iagtest.cloudns.ph\/wp-content\/uploads\/2026\/03\/docentes-pri-sec-18x12.jpg 18w, https:\/\/iagtest.cloudns.ph\/wp-content\/uploads\/2026\/03\/docentes-pri-sec.jpg 1229w\" sizes=\"(max-width: 800px) 100vw, 800px\" \/>\t\t\t\t\t\t\t\t\t\t\t\t\t\t\t<\/div>\n\t\t\t\t\t<\/div>\n\t\t\t\t<\/div>\n\t\t\t\t<\/div>","protected":false},"excerpt":{"rendered":"<p>El Director General, de nacionalidad austriaca, es nombrado por el Ministerio de Educaci\u00f3n, Ciencias e Investigaci\u00f3n de la Rep\u00fablica de Austria. Los directores de Preprimaria, Primaria y Nivel Medio\/Direcci\u00f3n T\u00e9cnica \u2013 guatemaltecos \u2013 obtienen el respectivo nombramiento del Ministerio de Educaci\u00f3n de Guatemala; adem\u00e1s, se cuenta con coordinadores responsables de las \u00e1reas Primaria 1-3, cient\u00edficas, [&hellip;]<\/p>\n","protected":false},"author":1,"featured_media":0,"parent":0,"menu_order":0,"comment_status":"closed","ping_status":"closed","template":"","meta":{"ngg_post_thumbnail":0,"footnotes":""},"class_list":["post-135","page","type-page","status-publish","hentry"],"_links":{"self":[{"href":"https:\/\/iagtest.cloudns.ph\/de\/wp-json\/wp\/v2\/pages\/135","targetHints":{"allow":["GET"]}}],"collection":[{"href":"https:\/\/iagtest.cloudns.ph\/de\/wp-json\/wp\/v2\/pages"}],"about":[{"href":"https:\/\/iagtest.cloudns.ph\/de\/wp-json\/wp\/v2\/types\/page"}],"author":[{"embeddable":true,"href":"https:\/\/iagtest.cloudns.ph\/de\/wp-json\/wp\/v2\/users\/1"}],"replies":[{"embeddable":true,"href":"https:\/\/iagtest.cloudns.ph\/de\/wp-json\/wp\/v2\/comments?post=135"}],"version-history":[{"count":13,"href":"https:\/\/iagtest.cloudns.ph\/de\/wp-json\/wp\/v2\/pages\/135\/revisions"}],"predecessor-version":[{"id":2372,"href":"https:\/\/iagtest.cloudns.ph\/de\/wp-json\/wp\/v2\/pages\/135\/revisions\/2372"}],"wp:attachment":[{"href":"https:\/\/iagtest.cloudns.ph\/de\/wp-json\/wp\/v2\/media?parent=135"}],"curies":[{"name":"wp","href":"https:\/\/api.w.org\/{rel}","templated":true}]}}