{"id":139,"date":"2023-06-16T17:16:49","date_gmt":"2023-06-16T17:16:49","guid":{"rendered":"https:\/\/iagtest.cloudns.ph\/?page_id=139"},"modified":"2026-03-09T14:52:22","modified_gmt":"2026-03-09T14:52:22","slug":"control-de-calidad","status":"publish","type":"page","link":"https:\/\/iagtest.cloudns.ph\/de\/control-de-calidad\/","title":{"rendered":"Qualit\u00e4tskontrolle \u2013 SQA"},"content":{"rendered":"\t\t<div data-elementor-type=\"wp-page\" data-elementor-id=\"139\" class=\"elementor elementor-139\" data-elementor-post-type=\"page\">\n\t\t\t\t<div class=\"elementor-element elementor-element-d00460a e-grid e-con-boxed e-con e-parent\" data-id=\"d00460a\" data-element_type=\"container\" data-e-type=\"container\">\n\t\t\t\t\t<div class=\"e-con-inner\">\n\t\t\t\t<div class=\"elementor-element elementor-element-056216e elementor-widget elementor-widget-image\" data-id=\"056216e\" data-element_type=\"widget\" data-e-type=\"widget\" data-widget_type=\"image.default\">\n\t\t\t\t\t\t\t\t\t\t\t\t\t\t\t<img decoding=\"async\" width=\"234\" height=\"84\" src=\"https:\/\/iagtest.cloudns.ph\/wp-content\/uploads\/2026\/03\/qms.png\" class=\"attachment-large size-large wp-image-2216\" alt=\"\" srcset=\"https:\/\/iagtest.cloudns.ph\/wp-content\/uploads\/2026\/03\/qms.png 234w, https:\/\/iagtest.cloudns.ph\/wp-content\/uploads\/2026\/03\/qms-18x6.png 18w\" sizes=\"(max-width: 234px) 100vw, 234px\" \/>\t\t\t\t\t\t\t\t\t\t\t\t\t\t\t<\/div>\n\t\t\t\t<div class=\"elementor-element elementor-element-32fb6d2 elementor-widget elementor-widget-image\" data-id=\"32fb6d2\" data-element_type=\"widget\" data-e-type=\"widget\" data-widget_type=\"image.default\">\n\t\t\t\t\t\t\t\t\t\t\t\t\t\t\t<img decoding=\"async\" width=\"247\" height=\"82\" src=\"https:\/\/iagtest.cloudns.ph\/wp-content\/uploads\/2026\/03\/bundes.png\" class=\"attachment-large size-large wp-image-2217\" alt=\"\" srcset=\"https:\/\/iagtest.cloudns.ph\/wp-content\/uploads\/2026\/03\/bundes.png 247w, https:\/\/iagtest.cloudns.ph\/wp-content\/uploads\/2026\/03\/bundes-18x6.png 18w\" sizes=\"(max-width: 247px) 100vw, 247px\" \/>\t\t\t\t\t\t\t\t\t\t\t\t\t\t\t<\/div>\n\t\t\t\t\t<\/div>\n\t\t\t\t<\/div>\n\t\t<div class=\"elementor-element elementor-element-1614dba e-flex e-con-boxed e-con e-parent\" data-id=\"1614dba\" data-element_type=\"container\" data-e-type=\"container\">\n\t\t\t\t\t<div class=\"e-con-inner\">\n\t\t\t\t<div class=\"elementor-element elementor-element-50c59ed elementor-widget elementor-widget-text-editor\" data-id=\"50c59ed\" data-element_type=\"widget\" data-e-type=\"widget\" data-widget_type=\"text-editor.default\">\n\t\t\t\t\t\t\t\t\t<p><b>\u00bfPor qu\u00e9 el desarrollo y el aseguramiento de la calidad en las escuelas?<\/b><br \/>Las exigencias sobre el contenido y las formas de aprendizaje est\u00e1n sujetas a cambios constantes. Las diferentes expectativas de los alumnos, los padres, las escuelas receptoras, las empresas o las instituciones de educaci\u00f3n terciaria de lo que la escuela debe lograr se articulan cada vez m\u00e1s claramente y se llevan a la escuela. El sistema escolar es cada vez m\u00e1s permeable y ofrece cada vez m\u00e1s caminos educativos individuales, aunque todav\u00eda quedan obst\u00e1culos por superar en las transiciones.<br \/>Las escuelas deben afrontar estos y otros retos de manera profesional. Para ello, necesitan estructuras transparentes y sistem\u00e1ticas de planificaci\u00f3n y toma de decisiones, as\u00ed como estrategias de control adecuadas para promover el desarrollo y el aseguramiento de la calidad. Esto es exactamente lo que se entiende por gesti\u00f3n de la calidad. No es un fin en s\u00ed mismo, sino una expresi\u00f3n de la pr\u00e1ctica profesional y, sobre todo, un medio para<br \/>\u2022 saber exactamente qu\u00e9 requisitos tienen los estudiantes y c\u00f3mo se puede desarrollar m\u00e1s su potencial;<br \/>\u2022 promover la cooperaci\u00f3n entre profesores;<br \/>\u2022 formular objetivos de desarrollo espec\u00edficos de la escuela sobre la base de la evidencia y revisar peri\u00f3dicamente el logro de los objetivos;<br \/>\u2022 mantener un intercambio activo y una cooperaci\u00f3n estrecha con socios de cooperaci\u00f3n externos.<br \/>Tanto las escuelas generales como las profesionales han estado utilizando sistemas de gesti\u00f3n de la calidad durante a\u00f1os: SQA y QIBB. Tras la legislaci\u00f3n de reforma educativa de 2017, ambos se fusionar\u00e1n en un sistema uniforme a partir de 2021. Esto crea la oportunidad de desarrollar un atractivo sistema de gesti\u00f3n de la calidad com\u00fan a todas las escuelas austriacas, el Sistema de Gesti\u00f3n de Calidad para Escuelas (QMS).<\/p><p><b>\u00bfQu\u00e9 es QMS y de qu\u00e9 se trata?<\/b><br \/>QMS se ve a s\u00ed mismo como un sistema de gesti\u00f3n de la calidad educativa que coloca el aprendizaje y los estudiantes en el centro del trabajo de calidad. Ayuda a las escuelas a avanzar en los procesos de desarrollo de una manera espec\u00edfica, sistem\u00e1tica y orientada a la evidencia y a garantizar una ense\u00f1anza de alta calidad. QMS quiere fortalecer la cooperaci\u00f3n entre maestros para promover el desarrollo de lecciones profesionales a trav\u00e9s de una mayor orientaci\u00f3n en equipo y permitir el alivio a trav\u00e9s del apoyo colegiado mutuo. La orientaci\u00f3n de contenido para la implementaci\u00f3n y el dise\u00f1o del SGC es el\u00a0<a href=\"https:\/\/www.qms.at\/qualitaetsrahmen\" target=\"_blank\" rel=\"noopener\">marco de calidad<\/a>\u00a0para las escuelas. Constituye la base para una comprensi\u00f3n com\u00fan de la calidad escolar.<br \/>QMS beneficia a la\u00a0<b>direcci\u00f3n de la escuela, los equipos docentes y los profesores individuales.<\/b>\u00a0El objetivo es que todos, con un enfoque claro en las respectivas \u00e1reas de responsabilidad y tareas, trabajen de manera coordinada en la calidad de la escuela y, en \u00faltima instancia, en apoyar el aprendizaje de los estudiantes de la mejor manera posible y mejorar sistem\u00e1ticamente los procesos y resultados de aprendizaje. QMS proporciona instrumentos y m\u00e9todos adecuados para la gesti\u00f3n escolar, los equipos docentes y los profesores. La direcci\u00f3n de la escuela controla el proceso de garant\u00eda y desarrollo de la calidad en la escuela; Ella cuenta con el apoyo de oficiales de calidad (coordinadores de escuelas de calidad, Q-SK para abreviar). La cooperaci\u00f3n de todos los profesores es un requisito b\u00e1sico para la implementaci\u00f3n efectiva del SGC.<br \/><b>\u00bfCu\u00e1les son los objetivos del SGC?<\/b><br \/>El objetivo del SGC es el dise\u00f1o y la organizaci\u00f3n sistem\u00e1ticos del desarrollo y la garant\u00eda de la calidad en una escuela. Su objetivo es garantizar que las escuelas se vean a s\u00ed mismas como organizaciones de aprendizaje y contin\u00faen desarroll\u00e1ndose.<br \/>QMS ayuda a generar y utilizar evidencia (informaci\u00f3n, recibos y datos) sobre la calidad de la escuela y la ense\u00f1anza para poder tomar decisiones fundamentadas con respecto a la escuela y los estudiantes. Por lo tanto, las pruebas no solo deben ser utilizadas por la direcci\u00f3n de la escuela, sino tambi\u00e9n por los equipos docentes y los profesores.<br \/>El SGC contribuye a mantener una cultura de la calidad en las escuelas en la que las actitudes y actitudes orientadas al desarrollo y la calidad (por ejemplo, disposici\u00f3n para el cambio, apertura a la innovaci\u00f3n, cultura del error) pueden desarrollarse y ser eficaces.<br \/>QMS se utiliza para implementar todos los proyectos de desarrollo de una escuela, tanto\u00a0<b>proyectos de reforma<\/b>\u00a0especificados centralmente como problemas y conceptos espec\u00edficos de la escuela. QMS proporciona instrumentos para este prop\u00f3sito a trav\u00e9s de qms.at (por ejemplo, el plan de desarrollo escolar, el manual Q [1], para la evaluaci\u00f3n interna y la retroalimentaci\u00f3n de la escuela).<br \/><b>\u00bfCu\u00e1ndo y c\u00f3mo implementan las escuelas el SGC?<\/b><br \/>La introducci\u00f3n e implementaci\u00f3n concretas del SGC se muestra en la nueva\u00a0<a href=\"https:\/\/www.qms.at\/ueber-qms\/einfuehrung-von-qms\/zeitplan-umsetzung\" target=\"_blank\" rel=\"noopener\">p\u00e1gina \u00abImplementaci\u00f3n en las escuelas\u00bb<\/a>.\u00a0<a href=\"https:\/\/www.qms.at\/images\/PPP_Schulleitung_Einfuehrung_QMS_Sept-2021.pptx\" target=\"_blank\" rel=\"noopener\">Una plantilla de presentaci\u00f3n (formato PPP, 2,3 MB)<\/a>\u00a0est\u00e1 disponible para que SL presente QMS en la escuela en\u00a0<a href=\"https:\/\/www.qms.at\/ueber-qms\/downloads-zu-qms\" target=\"_blank\" rel=\"noopener\">\u00abDescargas para QMS\u00bb.<\/a>\u00a0El juego de l\u00e1minas se puede acortar o adaptar.<\/p>\t\t\t\t\t\t\t\t<\/div>\n\t\t\t\t\t<\/div>\n\t\t\t\t<\/div>\n\t\t<div class=\"elementor-element elementor-element-b9b8ef1 e-flex e-con-boxed e-con e-parent\" data-id=\"b9b8ef1\" data-element_type=\"container\" data-e-type=\"container\">\n\t\t\t\t\t<div class=\"e-con-inner\">\n\t\t\t\t<div class=\"elementor-element elementor-element-580d4ec elementor-widget elementor-widget-image\" data-id=\"580d4ec\" data-element_type=\"widget\" data-e-type=\"widget\" data-widget_type=\"image.default\">\n\t\t\t\t\t\t\t\t\t\t\t\t\t\t\t<img fetchpriority=\"high\" decoding=\"async\" width=\"800\" height=\"153\" src=\"https:\/\/iagtest.cloudns.ph\/wp-content\/uploads\/2026\/03\/LOGO_SIQUE_PAGINA_2021-1024x196.jpg\" class=\"attachment-large size-large wp-image-2218\" alt=\"\" srcset=\"https:\/\/iagtest.cloudns.ph\/wp-content\/uploads\/2026\/03\/LOGO_SIQUE_PAGINA_2021-1024x196.jpg 1024w, https:\/\/iagtest.cloudns.ph\/wp-content\/uploads\/2026\/03\/LOGO_SIQUE_PAGINA_2021-300x58.jpg 300w, https:\/\/iagtest.cloudns.ph\/wp-content\/uploads\/2026\/03\/LOGO_SIQUE_PAGINA_2021-768x147.jpg 768w, https:\/\/iagtest.cloudns.ph\/wp-content\/uploads\/2026\/03\/LOGO_SIQUE_PAGINA_2021-1536x295.jpg 1536w, https:\/\/iagtest.cloudns.ph\/wp-content\/uploads\/2026\/03\/LOGO_SIQUE_PAGINA_2021-18x3.jpg 18w, https:\/\/iagtest.cloudns.ph\/wp-content\/uploads\/2026\/03\/LOGO_SIQUE_PAGINA_2021.jpg 2044w\" sizes=\"(max-width: 800px) 100vw, 800px\" \/>\t\t\t\t\t\t\t\t\t\t\t\t\t\t\t<\/div>\n\t\t\t\t\t<\/div>\n\t\t\t\t<\/div>\n\t\t\t\t<\/div>\n\t\t","protected":false},"excerpt":{"rendered":"<p>\u00bfPor qu\u00e9 el desarrollo y el aseguramiento de la calidad en las escuelas?Las exigencias sobre el contenido y las formas de aprendizaje est\u00e1n sujetas a cambios constantes. Las diferentes expectativas de los alumnos, los padres, las escuelas receptoras, las empresas o las instituciones de educaci\u00f3n terciaria de lo que la escuela debe lograr se articulan [&hellip;]<\/p>\n","protected":false},"author":1,"featured_media":0,"parent":0,"menu_order":0,"comment_status":"closed","ping_status":"closed","template":"","meta":{"ngg_post_thumbnail":0,"footnotes":""},"class_list":["post-139","page","type-page","status-publish","hentry"],"_links":{"self":[{"href":"https:\/\/iagtest.cloudns.ph\/de\/wp-json\/wp\/v2\/pages\/139","targetHints":{"allow":["GET"]}}],"collection":[{"href":"https:\/\/iagtest.cloudns.ph\/de\/wp-json\/wp\/v2\/pages"}],"about":[{"href":"https:\/\/iagtest.cloudns.ph\/de\/wp-json\/wp\/v2\/types\/page"}],"author":[{"embeddable":true,"href":"https:\/\/iagtest.cloudns.ph\/de\/wp-json\/wp\/v2\/users\/1"}],"replies":[{"embeddable":true,"href":"https:\/\/iagtest.cloudns.ph\/de\/wp-json\/wp\/v2\/comments?post=139"}],"version-history":[{"count":13,"href":"https:\/\/iagtest.cloudns.ph\/de\/wp-json\/wp\/v2\/pages\/139\/revisions"}],"predecessor-version":[{"id":2227,"href":"https:\/\/iagtest.cloudns.ph\/de\/wp-json\/wp\/v2\/pages\/139\/revisions\/2227"}],"wp:attachment":[{"href":"https:\/\/iagtest.cloudns.ph\/de\/wp-json\/wp\/v2\/media?parent=139"}],"curies":[{"name":"wp","href":"https:\/\/api.w.org\/{rel}","templated":true}]}}