{"id":164,"date":"2023-06-19T14:11:29","date_gmt":"2023-06-19T14:11:29","guid":{"rendered":"https:\/\/iagtest.cloudns.ph\/?page_id=164"},"modified":"2026-03-11T15:42:17","modified_gmt":"2026-03-11T15:42:17","slug":"comunicacion-con-docentes","status":"publish","type":"page","link":"https:\/\/iagtest.cloudns.ph\/de\/comunicacion-con-docentes\/","title":{"rendered":"Kommunikation mit Lehrern"},"content":{"rendered":"<div data-elementor-type=\"wp-page\" data-elementor-id=\"164\" class=\"elementor elementor-164\" data-elementor-post-type=\"page\">\n\t\t\t\t<div class=\"elementor-element elementor-element-de20364 e-flex e-con-boxed e-con e-parent\" data-id=\"de20364\" data-element_type=\"container\" data-e-type=\"container\">\n\t\t\t\t\t<div class=\"e-con-inner\">\n\t\t\t\t<div class=\"elementor-element elementor-element-3dfb138 elementor-widget elementor-widget-text-editor\" data-id=\"3dfb138\" data-element_type=\"widget\" data-e-type=\"widget\" data-widget_type=\"text-editor.default\">\n\t\t\t\t\t\t\t\t\t<p><span lang=\"es\">Die Schule unterstuetzt eine enge Beziehung zwischen Lehrer_innen und Eltern. F\u00fcr diese Kommunikation bestehen folgende M\u00f6glichkeiten:<\/span><\/p>\n<p><span lang=\"es\">1. Organisationsversammlung<\/span><\/p>\n<p><span lang=\"es\">Darunter sind Versammlungen zwischen Lehrer_innen und Eltern am Schuljahresanfang mit dem Ziel der Informationserteilung zu verstehen:<\/span><\/p>\n<ul>\n<li>Klassenlehrer_innen.<\/li>\n<li>Allgemeine Aspekte jedes Thema (Lehr- und Bewertungsverfahren).<\/li>\n<li>Allgemeine Aspekte eines jeden Faches (Methodologie und Evaluation).<\/li>\n<li>Verhaltensregeln und andere Instruktionen<\/li>\n<li>Klassen- und jahrgangsspezifische Informationen<\/li>\n<\/ul><div><br><\/div>\n<p><span lang=\"es\">2. Sprechstunde<\/span><\/p>\n<p><span lang=\"es\">Es handelt sich um ein zwischen Eltern und Lehrer_innen verbeinbartes Treffen. Alle Lehrer_innen halten eine w\u00f6chentliche Sprechstunde, um Elternanliegen zu besprechen. Zur Terminvereinbarung ist eine entsprechende Mitteilung im Mitteilungsheft der Sch\u00fcler_innen erforderlich.<\/span><\/p>\n<p><span lang=\"es\">3. Elternsprechtag<\/span><\/p>\n<p><span lang=\"es\">Jaehrlich gibt es zwei Elternsprechtage, deren Termine bereits im Jahresplan enthalten sind und zu Beginn des Schuljahres kommuniziert werden. Das Ziel des Elternsprechtages besteht darin, die Eltern \u00fcber die Leistungen und das Verhalten der Sch\u00fcler_innen zu informieren. Die Teilnahme an den Elternsprechtagen ist f\u00fcr jene Eltern verpflichtend, die zeitgerecht eine schriftliche Einladung f\u00fcr bestimmte F\u00e4cher erhalten.<\/span><\/p>\n<p><span lang=\"es\">4. Au\u00dferordentliche Versammlungen<\/span><\/p>\n<p><span lang=\"es\">Im Falle von Situationen, die dies erforderlich machen, beruft die Direkton Sondersitzungen ein.<\/span><\/p>\t\t\t\t\t\t\t\t<\/div>\n\t\t\t\t\t<\/div>\n\t\t\t\t<\/div>\n\t\t\t\t<\/div>","protected":false},"excerpt":{"rendered":"<p>El Instituto promueve la estrecha relaci\u00f3n entre maestros y padres de familia. La comunicaci\u00f3n se lleva a cabo en distintas oportunidades: 1. Reuniones organizativas Son reuniones entre maestros y padres de familia, programadas al inicio del ciclo escolar, cuyo objetivo es informar acerca de: Maestros de cada secci\u00f3n. Aspectos generales de cada materia (procedimientos did\u00e1cticos [&hellip;]<\/p>\n","protected":false},"author":1,"featured_media":0,"parent":0,"menu_order":0,"comment_status":"closed","ping_status":"closed","template":"","meta":{"ngg_post_thumbnail":0,"footnotes":""},"class_list":["post-164","page","type-page","status-publish","hentry"],"_links":{"self":[{"href":"https:\/\/iagtest.cloudns.ph\/de\/wp-json\/wp\/v2\/pages\/164","targetHints":{"allow":["GET"]}}],"collection":[{"href":"https:\/\/iagtest.cloudns.ph\/de\/wp-json\/wp\/v2\/pages"}],"about":[{"href":"https:\/\/iagtest.cloudns.ph\/de\/wp-json\/wp\/v2\/types\/page"}],"author":[{"embeddable":true,"href":"https:\/\/iagtest.cloudns.ph\/de\/wp-json\/wp\/v2\/users\/1"}],"replies":[{"embeddable":true,"href":"https:\/\/iagtest.cloudns.ph\/de\/wp-json\/wp\/v2\/comments?post=164"}],"version-history":[{"count":11,"href":"https:\/\/iagtest.cloudns.ph\/de\/wp-json\/wp\/v2\/pages\/164\/revisions"}],"predecessor-version":[{"id":2415,"href":"https:\/\/iagtest.cloudns.ph\/de\/wp-json\/wp\/v2\/pages\/164\/revisions\/2415"}],"wp:attachment":[{"href":"https:\/\/iagtest.cloudns.ph\/de\/wp-json\/wp\/v2\/media?parent=164"}],"curies":[{"name":"wp","href":"https:\/\/api.w.org\/{rel}","templated":true}]}}