{"id":170,"date":"2023-06-19T19:12:08","date_gmt":"2023-06-19T19:12:08","guid":{"rendered":"https:\/\/iagtest.cloudns.ph\/?page_id=170"},"modified":"2026-03-10T16:41:15","modified_gmt":"2026-03-10T16:41:15","slug":"biblioteca","status":"publish","type":"page","link":"https:\/\/iagtest.cloudns.ph\/de\/biblioteca\/","title":{"rendered":"Bibliothek"},"content":{"rendered":"<div data-elementor-type=\"wp-page\" data-elementor-id=\"170\" class=\"elementor elementor-170\" data-elementor-post-type=\"page\">\n\t\t\t\t<div class=\"elementor-element elementor-element-66c1825 e-flex e-con-boxed e-con e-parent\" data-id=\"66c1825\" data-element_type=\"container\" data-e-type=\"container\">\n\t\t\t\t\t<div class=\"e-con-inner\">\n\t\t\t\t<div class=\"elementor-element elementor-element-d989ab7 elementor-widget elementor-widget-text-editor\" data-id=\"d989ab7\" data-element_type=\"widget\" data-e-type=\"widget\" data-widget_type=\"text-editor.default\">\n\t\t\t\t\t\t\t\t\t<p>Es gibt eine umfangreiche und aktuelle Bibliothek, die allen Mitgliedern der Schulgemeinschaft zug\u00e4nglich ist. Dort werden Referenzb\u00fccher und Literatur in physischer und digitaler Form, audiovisuelles Material und Lehrmaterialien in Spanisch, Englisch und Deutsch aufbewahrt. Es gibt einen audiovisuellen Raum, einen Computerraum und tragbare elektronische Ger\u00e4te mit Lesematerial.<\/p><p><b>\u00d6ffnungszeiten:<\/b>\u00a0Montag bis Freitag: 6:30 bis 15:30 Uhr.<\/p><p><b>Ausleihe f\u00fcr Sch\u00fcler:<\/b>\u00a01 Buch f\u00fcr 7 Tage. Die Leihfrist kann nach Verl\u00e4ngerung verl\u00e4ngert werden. Bei Inanspruchnahme dieses Dienstes ist der Sch\u00fcler allein daf\u00fcr verantwortlich, das Buch zum angegebenen Termin zur\u00fcckzugeben.<\/p>\t\t\t\t\t\t\t\t<\/div>\n\t\t\t\t\t<\/div>\n\t\t\t\t<\/div>\n\t\t<div class=\"elementor-element elementor-element-d655236 e-flex e-con-boxed e-con e-parent\" data-id=\"d655236\" data-element_type=\"container\" data-e-type=\"container\">\n\t\t\t\t\t<div class=\"e-con-inner\">\n\t\t\t\t<div class=\"elementor-element elementor-element-e97cc1e elementor-widget elementor-widget-button\" data-id=\"e97cc1e\" data-element_type=\"widget\" data-e-type=\"widget\" data-widget_type=\"button.default\">\n\t\t\t\t\t\t\t\t\t\t<a class=\"elementor-button elementor-button-link elementor-size-sm\" href=\"\/wp-content\/uploads\/2026\/03\/Reglamento-biblioteca-ESP.pdf\" target=\"_blank\">\n\t\t\t\t\t\t<span class=\"elementor-button-content-wrapper\">\n\t\t\t\t\t\t\t\t\t<span class=\"elementor-button-text\">Bibliotheksregelend und Bestimmungen<\/span>\n\t\t\t\t\t<\/span>\n\t\t\t\t\t<\/a>\n\t\t\t\t\t\t\t\t<\/div>\n\t\t\t\t\t<\/div>\n\t\t\t\t<\/div>\n\t\t\t\t<\/div>","protected":false},"excerpt":{"rendered":"<p>Se cuenta con una amplia y actualizada Biblioteca accesible a todos los miembros de la comunidad escolar. En ella se resguardan libros de referencia o literatura, f\u00edsicos y digitales, material audiovisual y material did\u00e1ctico en idioma espa\u00f1ol, ingl\u00e9s y alem\u00e1n. Dispone de un sal\u00f3n de audiovisuales, espacio con computadoras, dispositivos electr\u00f3nicos port\u00e1tiles con lecturas. Horarios:\u00a0lunes [&hellip;]<\/p>\n","protected":false},"author":1,"featured_media":0,"parent":0,"menu_order":0,"comment_status":"closed","ping_status":"closed","template":"","meta":{"ngg_post_thumbnail":0,"footnotes":""},"class_list":["post-170","page","type-page","status-publish","hentry"],"_links":{"self":[{"href":"https:\/\/iagtest.cloudns.ph\/de\/wp-json\/wp\/v2\/pages\/170","targetHints":{"allow":["GET"]}}],"collection":[{"href":"https:\/\/iagtest.cloudns.ph\/de\/wp-json\/wp\/v2\/pages"}],"about":[{"href":"https:\/\/iagtest.cloudns.ph\/de\/wp-json\/wp\/v2\/types\/page"}],"author":[{"embeddable":true,"href":"https:\/\/iagtest.cloudns.ph\/de\/wp-json\/wp\/v2\/users\/1"}],"replies":[{"embeddable":true,"href":"https:\/\/iagtest.cloudns.ph\/de\/wp-json\/wp\/v2\/comments?post=170"}],"version-history":[{"count":11,"href":"https:\/\/iagtest.cloudns.ph\/de\/wp-json\/wp\/v2\/pages\/170\/revisions"}],"predecessor-version":[{"id":2329,"href":"https:\/\/iagtest.cloudns.ph\/de\/wp-json\/wp\/v2\/pages\/170\/revisions\/2329"}],"wp:attachment":[{"href":"https:\/\/iagtest.cloudns.ph\/de\/wp-json\/wp\/v2\/media?parent=170"}],"curies":[{"name":"wp","href":"https:\/\/api.w.org\/{rel}","templated":true}]}}