{"id":2347,"date":"2026-03-10T21:01:00","date_gmt":"2026-03-10T21:01:00","guid":{"rendered":"https:\/\/iagtest.cloudns.ph\/?page_id=2347"},"modified":"2026-03-11T15:49:51","modified_gmt":"2026-03-11T15:49:51","slug":"colegios-rurales-2","status":"publish","type":"page","link":"https:\/\/iagtest.cloudns.ph\/de\/colegios-rurales-2\/","title":{"rendered":"Landschulen"},"content":{"rendered":"<div data-elementor-type=\"wp-page\" data-elementor-id=\"2347\" class=\"elementor elementor-2347\" data-elementor-post-type=\"page\">\n\t\t\t\t<div class=\"elementor-element elementor-element-36f16c8 e-flex e-con-boxed e-con e-parent\" data-id=\"36f16c8\" data-element_type=\"container\" data-e-type=\"container\">\n\t\t\t\t\t<div class=\"e-con-inner\">\n\t\t\t\t<div class=\"elementor-element elementor-element-3413f27 elementor-widget elementor-widget-heading\" data-id=\"3413f27\" data-element_type=\"widget\" data-e-type=\"widget\" data-widget_type=\"heading.default\">\n\t\t\t\t\t<h5 class=\"elementor-heading-title elementor-size-default\">Verein der \u00f6sterreichischen und guatemaltekischen Freunde f\u00fcr Guatemala<\/h5>\t\t\t\t<\/div>\n\t\t\t\t<div class=\"elementor-element elementor-element-1640a1d elementor-widget elementor-widget-text-editor\" data-id=\"1640a1d\" data-element_type=\"widget\" data-e-type=\"widget\" data-widget_type=\"text-editor.default\">\n\t\t\t\t\t\t\t\t\t<p><span lang=\"es\">Der Verein der AMIGOS wurde im Jahr 1986 von einer Lehrer_innengruppe des IAG als gemeinn\u00fctzige Einrichtung mit dem klaren Ziel gegr\u00fcndet, die Sprachen, die Traditionen und die Kultur der verschiedenen Regionen unseres Landes zu bewahren. Wir glauben, dass der einzig gangbare Weg zur Erreichung dieses Zieles in der Erziehung besteht, was wir nur im\nWege \u00fcber unsere Landschulen nachhaltig umsetzen k\u00f6nnen.<\/span><\/p>\n<p><span lang=\"es\">Wir unterst\u00fctzen unsere Landschulen, an denen Spanisch und eine Maya-Sprache unterrichtet wird, im Moment finzanziell, materialm\u00e4ssig und logistisch. Spenden und Geldmittel werden traditionellerweise mit Veranstaltungen in der Schule wie dem \u201eCafe Viena\u201c im Rahmen des Sportfestes oder unserem gro\u00dfen \u201eMaifest\u201c aufgebracht. Mittels dieser Veranstaltungen werden Schulb\u00fccher, Schulmaterial, Schuljausen, Musikinstrumente, Bibliotheksmaterialien, Computerausstattungen und so weiter f\u00fcr die Landschulen finzanziert.<\/span><\/p>\n<p><span lang=\"es\">Die Mitglieder des Vereins bringen ihre Freizeit, ihre Arbeit und auch finzanzielle Mittel f\u00fcr dieses p\u00e4dagogische Projekt zur F\u00f6rderung des Fortschritts in Guatemala ein. Gemeinsam sind wir st\u00e4rker.<\/span><\/p>\t\t\t\t\t\t\t\t<\/div>\n\t\t\t\t\t<\/div>\n\t\t\t\t<\/div>\n\t\t\t\t<\/div>","protected":false},"excerpt":{"rendered":"<p>Asociaci\u00f3n de Amigos Austriacos y Guatemaltecos para Guatemala La Asociaci\u00f3n de los AMIGOS fue fundada en 1986 por un grupo de profesores del IAG, como una organizaci\u00f3n no lucrativa, con un objetivo claro: preservar los idiomas, las tradiciones y la cultura de las diferentes regiones de nuestro pa\u00eds. Creemos que la \u00fanica forma viable para [&hellip;]<\/p>\n","protected":false},"author":1,"featured_media":0,"parent":0,"menu_order":0,"comment_status":"closed","ping_status":"closed","template":"","meta":{"ngg_post_thumbnail":0,"footnotes":""},"class_list":["post-2347","page","type-page","status-publish","hentry"],"_links":{"self":[{"href":"https:\/\/iagtest.cloudns.ph\/de\/wp-json\/wp\/v2\/pages\/2347","targetHints":{"allow":["GET"]}}],"collection":[{"href":"https:\/\/iagtest.cloudns.ph\/de\/wp-json\/wp\/v2\/pages"}],"about":[{"href":"https:\/\/iagtest.cloudns.ph\/de\/wp-json\/wp\/v2\/types\/page"}],"author":[{"embeddable":true,"href":"https:\/\/iagtest.cloudns.ph\/de\/wp-json\/wp\/v2\/users\/1"}],"replies":[{"embeddable":true,"href":"https:\/\/iagtest.cloudns.ph\/de\/wp-json\/wp\/v2\/comments?post=2347"}],"version-history":[{"count":7,"href":"https:\/\/iagtest.cloudns.ph\/de\/wp-json\/wp\/v2\/pages\/2347\/revisions"}],"predecessor-version":[{"id":2419,"href":"https:\/\/iagtest.cloudns.ph\/de\/wp-json\/wp\/v2\/pages\/2347\/revisions\/2419"}],"wp:attachment":[{"href":"https:\/\/iagtest.cloudns.ph\/de\/wp-json\/wp\/v2\/media?parent=2347"}],"curies":[{"name":"wp","href":"https:\/\/api.w.org\/{rel}","templated":true}]}}