{"id":308,"date":"2023-07-05T14:57:36","date_gmt":"2023-07-05T14:57:36","guid":{"rendered":"https:\/\/iagtest.cloudns.ph\/?page_id=308"},"modified":"2026-03-06T15:50:32","modified_gmt":"2026-03-06T15:50:32","slug":"matematica-2","status":"publish","type":"page","link":"https:\/\/iagtest.cloudns.ph\/de\/matematica-2\/","title":{"rendered":"Mathematik"},"content":{"rendered":"<div data-elementor-type=\"wp-page\" data-elementor-id=\"308\" class=\"elementor elementor-308\" data-elementor-post-type=\"page\">\n\t\t\t\t<div class=\"elementor-element elementor-element-24680a9 e-flex e-con-boxed e-con e-parent\" data-id=\"24680a9\" data-element_type=\"container\" data-e-type=\"container\">\n\t\t\t\t\t<div class=\"e-con-inner\">\n\t\t\t\t<div class=\"elementor-element elementor-element-60843c5 elementor-widget elementor-widget-text-editor\" data-id=\"60843c5\" data-element_type=\"widget\" data-e-type=\"widget\" data-widget_type=\"text-editor.default\">\n\t\t\t\t\t\t\t\t\t<p><span lang=\"es\">Mathematisches, rationales Denken unterscheidet sich von den Denkformen, die wir in anderen Lebensbereichen verwenden erheblich. Es hat eine zwingende Logik, die unabh\u00e4ngig von augenblicklichen Befindlichkeiten ist.<\/span><\/p><p><span lang=\"es\">Wir versuchen unseren Sch\u00fclern diese Denkweise zu vermitteln, indem wir sie die Gesetzm\u00e4\u00dfigkeiten der Mathematik und ihre Anwendungen lehren. Probleml\u00f6sen, Argumentieren, exaktes Arbeiten und kritisches Denken sind wichtige Teilbereiche des Unterrichts.<\/span><\/p><p><span lang=\"es\">Unsere Sch\u00fcler erlernen den Einsatz zeitgem\u00e4\u00dfer Technologie, gleichzeitig forcieren wir aber die F\u00e4higkeit des Kopfrechnens, um so Ergebnisse absch\u00e4tzen und einordnen zu k\u00f6nnen.<\/span><\/p>\t\t\t\t\t\t\t\t<\/div>\n\t\t\t\t\t<\/div>\n\t\t\t\t<\/div>\n\t\t\t\t<\/div>","protected":false},"excerpt":{"rendered":"<p>El razonamiento matem\u00e1tico se distingue de las formas de pensamiento que solemos usar en otras \u00e1reas de la vida: tiene una l\u00f3gica rigurosa, independiente de contextos y sensibilidades individuales. Intentamos transmitir esa manera de pensar a nuestros alumnos, ense\u00f1\u00e1ndoles las bases fundamentales de la matem\u00e1tica y sus aplicaciones. La resoluci\u00f3n de problemas, la argumentaci\u00f3n l\u00f3gica, [&hellip;]<\/p>\n","protected":false},"author":1,"featured_media":0,"parent":0,"menu_order":0,"comment_status":"closed","ping_status":"closed","template":"","meta":{"ngg_post_thumbnail":0,"footnotes":""},"class_list":["post-308","page","type-page","status-publish","hentry"],"_links":{"self":[{"href":"https:\/\/iagtest.cloudns.ph\/de\/wp-json\/wp\/v2\/pages\/308","targetHints":{"allow":["GET"]}}],"collection":[{"href":"https:\/\/iagtest.cloudns.ph\/de\/wp-json\/wp\/v2\/pages"}],"about":[{"href":"https:\/\/iagtest.cloudns.ph\/de\/wp-json\/wp\/v2\/types\/page"}],"author":[{"embeddable":true,"href":"https:\/\/iagtest.cloudns.ph\/de\/wp-json\/wp\/v2\/users\/1"}],"replies":[{"embeddable":true,"href":"https:\/\/iagtest.cloudns.ph\/de\/wp-json\/wp\/v2\/comments?post=308"}],"version-history":[{"count":5,"href":"https:\/\/iagtest.cloudns.ph\/de\/wp-json\/wp\/v2\/pages\/308\/revisions"}],"predecessor-version":[{"id":2154,"href":"https:\/\/iagtest.cloudns.ph\/de\/wp-json\/wp\/v2\/pages\/308\/revisions\/2154"}],"wp:attachment":[{"href":"https:\/\/iagtest.cloudns.ph\/de\/wp-json\/wp\/v2\/media?parent=308"}],"curies":[{"name":"wp","href":"https:\/\/api.w.org\/{rel}","templated":true}]}}