{"id":310,"date":"2023-07-05T17:38:55","date_gmt":"2023-07-05T17:38:55","guid":{"rendered":"https:\/\/iagtest.cloudns.ph\/?page_id=310"},"modified":"2026-03-06T15:53:33","modified_gmt":"2026-03-06T15:53:33","slug":"dfu-2","status":"publish","type":"page","link":"https:\/\/iagtest.cloudns.ph\/de\/dfu-2\/","title":{"rendered":"DFU"},"content":{"rendered":"<div data-elementor-type=\"wp-page\" data-elementor-id=\"310\" class=\"elementor elementor-310\" data-elementor-post-type=\"page\">\n\t\t\t\t<div class=\"elementor-element elementor-element-fd26f67 e-flex e-con-boxed e-con e-parent\" data-id=\"fd26f67\" data-element_type=\"container\" data-e-type=\"container\">\n\t\t\t\t\t<div class=\"e-con-inner\">\n\t\t\t\t<div class=\"elementor-element elementor-element-f7c0e02 elementor-widget elementor-widget-text-editor\" data-id=\"f7c0e02\" data-element_type=\"widget\" data-e-type=\"widget\" data-widget_type=\"text-editor.default\">\n\t\t\t\t\t\t\t\t\t<p><span lang=\"es\">DFU: Deutsch im Fachunterricht<\/span><\/p><p>Verstehendes H\u00f6ren bzw. Lesen sind Voraussetzungen, um \u00fcberhaupt in einen Lernprozess zu gelangen. Am IAG zeigt sich besonders, dass ohne Deutschkenntnisse fachliches Lernen unm\u00f6glich ist. Verantwortlich f\u00fcr erfolgreiches Lernen ist DFU, Deutsch im Fachunterricht, also der Unterricht in den F\u00e4chern, Biologie, Chemie, Informatik, Mathematik, Musik und Physik.<\/p><p>F\u00fcr die Sch\u00fclerinnen und Sch\u00fcler am IAG ist DFU von enormer Bedeutung, weil sie Fachinhalte auf Deutsch nicht nur verstehen, sondern diese auch wiedergeben m\u00fcssen, um den erforderlichen Schulerfolg zu erzielen. Zus\u00e4tzlich bietet der deutschsprachige Fachunterricht die Basis, um Deutsch aktiv zu verwenden.<\/p><p>Naturwissenschaftliches-Lernen ist ein Sich-Verst\u00e4ndigen \u00fcber Fachbegriffe mit Hilfe des Sprechens und des Schreibens ebenso wie ein Exemplifizieren und Konkretisieren von Ideen, sowie ein Erl\u00e4utern und Demonstrieren von Gedanken und L\u00f6sungsans\u00e4tzen. Darum ist insbesondere Mathematik ganz eng mit verbalisierenden, sprachlichen und kommunikativen Herausforderungen verzahnt. Keine Phase des Lernprozesses, sei es im mathematischen Argumentieren, Modellieren und Darstellen, Probleml\u00f6sen oder Interpretieren, kommt ohne Sprache aus.<\/p><p>Daher hat jede Lehrkraft am IAG den Auftrag zur Sprachbildung in allen F\u00e4chern.<\/p><p>In den Bildungsstandards werden in allen Handlungsbereichen (Darstellen, Modellieren, Rechnen, Operieren, Interpretieren und Argumentieren, Begr\u00fcnden, etc.) explizit die Versprachlichung (mathematischer) Inhalte gefordert. Mit steigendem Komplexit\u00e4tsbereich erh\u00f6hen sich nicht nur die fachlichen Anforderungen, sondern auch die sprachlichen. Dies f\u00fchrt vom Einsetzen von Grundkenntnissen bis zum Einsetzen von Reflexionswissen. Die Handlungsdimension Argumentieren und Begr\u00fcnden weisen hierbei den h\u00f6chsten Komplexit\u00e4tsgrad auf. Argumente liefern, Zusammenh\u00e4nge in Worte fassen bzw. Behauptungen lesen, deren Inhalt erfassen und auf ihre Richtigkeit \u00fcberpr\u00fcfen, k\u00f6nnen ohne entsprechende Sprachkompetenz nicht geleistet werden. Aufgrund dieser Anforderungen ist es notwendig, im Mathematik- und Naturwissenschaftsunterricht den Fokus auch auf das Leseverstehen und die Schreibkompetenz sowie den Aufbau von Fachsprache zu legen.<\/p><p>Die Lesekompetenz hat nicht nur einen Einfluss auf die Pr\u00fcfungsleistung in Mathematik, sondern ist auch ein grundlegendes Kriterium, um \u00fcberhaupt Mathematik verstehen zu k\u00f6nnen. Die Notwendigkeit eines sprachsensiblen Unterrichts in allen F\u00e4chern betrifft daher auch die Mathematik.<\/p>\t\t\t\t\t\t\t\t<\/div>\n\t\t\t\t\t<\/div>\n\t\t\t\t<\/div>\n\t\t\t\t<\/div>","protected":false},"excerpt":{"rendered":"<p>DFU: el idioma alem\u00e1n en el IAG Buena comprensi\u00f3n auditiva y de lectura son requisitos para el aprendizaje de algo nuevo. En el IAG es evidente que sin los conocimientos del idioma alem\u00e1n, es imposible el aprendizaje. Por esto, el manejo del idioma alem\u00e1n es el principal enfoque en las materias como Matem\u00e1ticas, Biolog\u00eda, Qu\u00edmica, [&hellip;]<\/p>\n","protected":false},"author":1,"featured_media":0,"parent":0,"menu_order":0,"comment_status":"closed","ping_status":"closed","template":"","meta":{"ngg_post_thumbnail":0,"footnotes":""},"class_list":["post-310","page","type-page","status-publish","hentry"],"_links":{"self":[{"href":"https:\/\/iagtest.cloudns.ph\/de\/wp-json\/wp\/v2\/pages\/310","targetHints":{"allow":["GET"]}}],"collection":[{"href":"https:\/\/iagtest.cloudns.ph\/de\/wp-json\/wp\/v2\/pages"}],"about":[{"href":"https:\/\/iagtest.cloudns.ph\/de\/wp-json\/wp\/v2\/types\/page"}],"author":[{"embeddable":true,"href":"https:\/\/iagtest.cloudns.ph\/de\/wp-json\/wp\/v2\/users\/1"}],"replies":[{"embeddable":true,"href":"https:\/\/iagtest.cloudns.ph\/de\/wp-json\/wp\/v2\/comments?post=310"}],"version-history":[{"count":8,"href":"https:\/\/iagtest.cloudns.ph\/de\/wp-json\/wp\/v2\/pages\/310\/revisions"}],"predecessor-version":[{"id":2158,"href":"https:\/\/iagtest.cloudns.ph\/de\/wp-json\/wp\/v2\/pages\/310\/revisions\/2158"}],"wp:attachment":[{"href":"https:\/\/iagtest.cloudns.ph\/de\/wp-json\/wp\/v2\/media?parent=310"}],"curies":[{"name":"wp","href":"https:\/\/api.w.org\/{rel}","templated":true}]}}