{"id":438,"date":"2023-07-10T19:19:30","date_gmt":"2023-07-10T19:19:30","guid":{"rendered":"https:\/\/iagtest.cloudns.ph\/?page_id=438"},"modified":"2026-03-11T15:46:31","modified_gmt":"2026-03-11T15:46:31","slug":"descargas","status":"publish","type":"page","link":"https:\/\/iagtest.cloudns.ph\/de\/descargas\/","title":{"rendered":"Downloads"},"content":{"rendered":"<p><center><\/center><\/p>\n<h3>Bibliotecas Virtuales: Recursos gratuitos que est\u00e1n a tu alcance<\/h3>\n<p>&nbsp;<\/p>\n<p><center><img fetchpriority=\"high\" decoding=\"async\" src=\"https:\/\/iagtest.cloudns.ph\/wp-content\/uploads\/2023\/07\/biblioteca-descargas.jpg\" alt=\"\" width=\"500\" height=\"500\"><\/center><\/p>\n<h3>Accede a los libros y documentos m\u00e1s interesantes a trav\u00e9s de las bibliotecas digitales disponibles para consulta y descarga.<\/h3>\n<p style=\"text-align: justify;\">La biblioteca virtual es en la educaci\u00f3n, un acceso instant\u00e1neo a un amplio recurso intelectual y no limitado a textos tradicionales. \u00a1Es un recurso valioso que aportar\u00e1 mucho a la educaci\u00f3n a distancia!<\/p>\n<p style=\"text-align: justify;\">Las Bibliotecas Virtuales, \u00bfqu\u00e9 son y c\u00f3mo funcionan?<br \/>\n<b>Quienes se preguntan qu\u00e9 son las bibliotecas digitales solo necesitan saber que funcionan igual que las tradicionales, aunque tienen una dimensi\u00f3n m\u00e1s abierta y simple.<\/b> A diferencia de las bibliotecas cl\u00e1sicas, las bibliotecas virtuales permiten una <b>igualdad de acceso<\/b> para todos, sin importar el lugar y el tiempo en el que se encuentre el usuario. Esto representa un <b>gran beneficio<\/b>, donde cada usuario con solo registrarse puede ver y hasta en ocasiones, descargar, <b>los libros acad\u00e9micos<\/b> m\u00e1s esenciales y las <b>obras literarias<\/b> m\u00e1s importantes de la historia.<\/p>\n<p style=\"text-align: justify;\"><b>Una particularidad es que en algunas bibliotecas virtuales se presenta diferente tipo de contenido seg\u00fan un \u00e1rea espec\u00edfica de informaci\u00f3n.<\/b> Muchas de ellas presentan recursos y herramientas din\u00e1micas de f\u00e1cil acceso para el usuario. Las bibliotecas virtuales permiten la transmisi\u00f3n del conocimiento, el acceso a la informaci\u00f3n y facilitan la investigaci\u00f3n.<\/p>\n<p style=\"text-align: justify;\">Existe una gran diversidad de bibliotecas virtuales, y si bien todas son diferentes por el tipo de contenido que alojan, todas contienen <b>recursos y herramientas<\/b> novedosos que permiten una buena <b>comunicaci\u00f3n<\/b> entre la plataforma y el usuario y un gran acceso a diferentes <b>textos.<\/b><\/p>\n<p style=\"text-align: justify;\">A continuaci\u00f3n, te compartimos algunas plataformas educativas para que contin\u00faes con el h\u00e1bito de la lectura en casa.<\/p>\n<p><b>Biblioteca Virtual Miguel de Cervantes:<\/b><a href=\"http:\/\/www.cervantesvirtual.com\/portales\/biblioteca_literatura_infantil_juvenil\/catalogo_titulo\/\" target=\"_blank\" rel=\"noopener\">(http:\/\/www.cervantesvirtual.com\/portales\/biblioteca_literatura_infantil_juvenil\/catalogo_titulo\/)<\/a><br \/>\nEsta biblioteca fue pionera, convirti\u00e9ndose en la primera biblioteca de este tipo en espa\u00f1ol. En ella se pueden encontrar obras gratuitas de Literatura, Historia y Ciencia, como tambi\u00e9n textos de investigaci\u00f3n.<\/p>\n<p style=\"text-align: justify;\"><b>Proyecto Gutenberg<\/b><a href=\"http:\/\/www.gutenberg.org\" target=\"_blank\" rel=\"noopener\"> (http:\/\/www.gutenberg.org)<\/a><br \/>\nEsta web cuenta con una de las colecciones de libros electr\u00f3nicos m\u00e1s grandes que existen. Fue fundada por Michael Hart en 1971 y se convirti\u00f3 en la primera fuente de libros electr\u00f3nicos que se conoce. Los textos que se encuentran en el sitio son de dominio p\u00fablico en Estados Unidos, y a la fecha hay m\u00e1s de 42 mil eBooks en diferentes formatos disponibles para descargar o leer en l\u00ednea, en diferentes idiomas.<\/p>\n<p style=\"text-align: justify;\"><b>Biblioteca Digital Mundial:<\/b><a href=\"https:\/\/www.wdl.org\/es\/\" target=\"_blank\" rel=\"noopener\"> (https:\/\/www.wdl.org\/es\/)<\/a><br \/>\nEs una iniciativa de la Biblioteca del Congreso de Estados Unidos y la UNESCO que fue creada en 2009 con el objetivo de promover el entendimiento y conocimiento a nivel internacional. Podr\u00e1n encontrar art\u00edculos, l\u00edneas hist\u00f3ricas y mapas interactivos, entre otros.<\/p>\n<p style=\"text-align: justify;\"><b>Freebook Sifter<\/b><br \/>\n<a href=\"http:\/\/www.freebooksifter.com\/\" target=\"_blank\" rel=\"noopener\"> (http:\/\/www.freebooksifter.com\/)<\/a><br \/>\nPermite buscar de manera sencilla todos los libros gratuitos que se encuentren disponibles en Amazon, Barnes&amp;Noble, el Proyecto Gutenberg, e incluye otras fuentes. El buscador filtra por t\u00edtulo, fecha de adici\u00f3n, o por el rating dado por los mismos usuarios.<\/p>\n<p style=\"text-align: justify;\"><b>Ebooksgo<\/b><a href=\"http:\/\/ebooksgo.org\" target=\"_blank\" rel=\"noopener\"> (http:\/\/ebooksgo.org)<\/a><br \/>\nEs un sitio con libros gratis y libres. Todos est\u00e1n bajo licencias GFDL, Creative Commons y otras como las del proyecto Gutenberg y cualquiera que sea libre para su distribuci\u00f3n. Los libros en ingl\u00e9s est\u00e1n organizados por categor\u00edas, y junto al enlace de descarga se especifica el tipo de licencia.<\/p>\n<p style=\"text-align: justify;\"><b>Manybooks<\/b><a href=\"http:\/\/manybooks.net\" target=\"_blank\" rel=\"noopener\"> (http:\/\/manybooks.net)<\/a><br \/>\nRecopila una colecci\u00f3n de libros electr\u00f3nicos gratuitos, muchos del proyecto Gutenberg y otros del proyecto del Genoma Humano. Tambi\u00e9n contiene audiolibros, y todos est\u00e1n clasificados por autor, categor\u00eda e idioma.<\/p>\n<p style=\"text-align: justify;\"><b>Amazon<\/b><a href=\"https:\/\/www.amazon.es\/kindle-dbs\/fd\/kcp\" target=\"_blank\" rel=\"noopener\"> (https:\/\/www.amazon.es\/kindle-dbs\/fd\/kcp)<\/a><br \/>\nFamosa por ser una de las p\u00e1ginas m\u00e1s seguras para comprar por internet, Amazon tambi\u00e9n cuenta con una secci\u00f3n de libros de dominio p\u00fablico que se pueden descargar directamente al Kindle. Pone a disposici\u00f3n mil setecientos t\u00edtulos.<\/p>\n<p style=\"text-align: justify;\"><b>Wikisource<\/b><br \/>\n<a href=\"http:\/\/es.wikisource.org\" target=\"_blank\" rel=\"noopener\"> (http:\/\/es.wikisource.org)<\/a><br \/>\nEs un proyecto de Wikimedia, como lo es la Wikipedia. La intenci\u00f3n del sitio es crear una biblioteca en l\u00ednea de textos originales que se encuentran bajo dominio p\u00fablico o que hayan sido publicados bajo licencias GFDL o CC-BY-SA 3.0. Los libros se pueden leer directamente por p\u00e1gina desde la web, o ser descargados como PDF. Tambi\u00e9n enlazan al origen inicial del libro, desde donde puede haber m\u00e1s formatos para descarga.<br \/>\nEst\u00e1 disponible en casi todos los idiomas del mundo, pero igual que su gran hermano, Wikipedia, puede ser alimentado por todo aquel que lo desee. Tiene cuentos, libros did\u00e1cticos, relatos \u00e9picos, novelas, teatro y ensayos. Los ejemplares se encuentran por nombre de autor, por pa\u00eds o por tem\u00e1tica.<\/p>\n<p style=\"text-align: justify;\">Adicional a estas plataformas, la Biblioteca IAG cuenta con una variedad de libros que pueden solicitar como alumno o padre de familia. Adjuntamos la informaci\u00f3n de los pasos para el pr\u00e9stamo y el archivo donde se encuentra el listado de libros disponibles.<\/p>\n<div style=\"float: left; width: 45%;\"><center><a title=\"\" href=\"http:\/\/www.austriaco.edu.gt\/wp-content\/uploads\/2020\/06\/2020_Inf_BIBLIOTECA_IAG_2206.pdf\" target=\"_blank\" rel=\"noopener\"><img decoding=\"async\" src=\"https:\/\/iagtest.cloudns.ph\/wp-content\/uploads\/2023\/07\/info.png\" alt=\"\" width=\"100\" height=\"100\"><\/a><\/center><\/div>\n<div style=\"float: right; width: 45%;\"><center><a title=\"\" href=\"http:\/\/www.austriaco.edu.gt\/wp-content\/uploads\/2020\/06\/BIBLIOTECA-IAG-CVG-LIBROS-DISPONIBLES.xlsx\" target=\"_blank\" rel=\"noopener\"><img decoding=\"async\" src=\"https:\/\/iagtest.cloudns.ph\/wp-content\/uploads\/2023\/07\/descarga-1.png\" alt=\"\" width=\"100\" height=\"100\"><\/a><\/center><\/div>\n<div style=\"clear: both;\">&nbsp;<\/div>\n<p>&nbsp;<\/p>\n<p>Conoce el Top Ten de los libros m\u00e1s prestados.<\/p>\n<div style=\"width: 100%;\">\n<div style=\"position: relative; padding-bottom: 56.25%; padding-top: 0; height: 0;\"><iframe style=\"position: absolute; top: 0; left: 0; width: 100%; height: 100%;\" src=\"https:\/\/view.genial.ly\/5eea59f9afa2280da8b6073e\" width=\"1200px\" height=\"675px\" frameborder=\"0\" scrolling=\"yes\" allowfullscreen=\"allowfullscreen\"><\/iframe><\/div>\n<\/div>","protected":false},"excerpt":{"rendered":"<p>Bibliotecas Virtuales: Recursos gratuitos que est\u00e1n a tu alcance &nbsp; Accede a los libros y documentos m\u00e1s interesantes a trav\u00e9s de las bibliotecas digitales disponibles para consulta y descarga. La biblioteca virtual es en la educaci\u00f3n, un acceso instant\u00e1neo a un amplio recurso intelectual y no limitado a textos tradicionales. \u00a1Es un recurso valioso que [&hellip;]<\/p>\n","protected":false},"author":1,"featured_media":0,"parent":0,"menu_order":0,"comment_status":"closed","ping_status":"closed","template":"","meta":{"ngg_post_thumbnail":0,"footnotes":""},"class_list":["post-438","page","type-page","status-publish","hentry"],"_links":{"self":[{"href":"https:\/\/iagtest.cloudns.ph\/de\/wp-json\/wp\/v2\/pages\/438","targetHints":{"allow":["GET"]}}],"collection":[{"href":"https:\/\/iagtest.cloudns.ph\/de\/wp-json\/wp\/v2\/pages"}],"about":[{"href":"https:\/\/iagtest.cloudns.ph\/de\/wp-json\/wp\/v2\/types\/page"}],"author":[{"embeddable":true,"href":"https:\/\/iagtest.cloudns.ph\/de\/wp-json\/wp\/v2\/users\/1"}],"replies":[{"embeddable":true,"href":"https:\/\/iagtest.cloudns.ph\/de\/wp-json\/wp\/v2\/comments?post=438"}],"version-history":[{"count":5,"href":"https:\/\/iagtest.cloudns.ph\/de\/wp-json\/wp\/v2\/pages\/438\/revisions"}],"predecessor-version":[{"id":2416,"href":"https:\/\/iagtest.cloudns.ph\/de\/wp-json\/wp\/v2\/pages\/438\/revisions\/2416"}],"wp:attachment":[{"href":"https:\/\/iagtest.cloudns.ph\/de\/wp-json\/wp\/v2\/media?parent=438"}],"curies":[{"name":"wp","href":"https:\/\/api.w.org\/{rel}","templated":true}]}}