{"id":519,"date":"2023-08-22T17:57:11","date_gmt":"2023-08-22T17:57:11","guid":{"rendered":"https:\/\/iagtest.cloudns.ph\/?page_id=519"},"modified":"2026-03-10T14:15:47","modified_gmt":"2026-03-10T14:15:47","slug":"transporte","status":"publish","type":"page","link":"https:\/\/iagtest.cloudns.ph\/de\/transporte\/","title":{"rendered":"Transport"},"content":{"rendered":"<div data-elementor-type=\"wp-page\" data-elementor-id=\"519\" class=\"elementor elementor-519\" data-elementor-post-type=\"page\">\n\t\t\t\t<div class=\"elementor-element elementor-element-173530a e-flex e-con-boxed e-con e-parent\" data-id=\"173530a\" data-element_type=\"container\" data-e-type=\"container\">\n\t\t\t\t\t<div class=\"e-con-inner\">\n\t\t\t\t<div class=\"elementor-element elementor-element-154d4d9 elementor-widget elementor-widget-text-editor\" data-id=\"154d4d9\" data-element_type=\"widget\" data-e-type=\"widget\" data-widget_type=\"text-editor.default\">\n\t\t\t\t\t\t\t\t\t<p>Die Schule ist Vermittler Dienstleister und Eltern, die Benutzung der Schulbusse ist freigestellt und ausschlie\u00dfich f\u00fcr Sch\u00fclerInnen vorgesehen, deren Wohngebiete mittels der Busrouten bedient werden. Die Normen, die den Schultransport regeln, k\u00f6nnen im Brevier nachgelesen werden. Die Direktion bestimmt einen Verantwortlichen, der die Koordination der Strecken, die Betriebszeiten und Haltestellen koordiniert. Aufgrund der angespannten Verkehrslage werden ab 2018 keine Routen mehr erweitert.<\/p>\t\t\t\t\t\t\t\t<\/div>\n\t\t\t\t\t<\/div>\n\t\t\t\t<\/div>\n\t\t\t\t<\/div>","protected":false},"excerpt":{"rendered":"<p>El Instituto sirve como intermediario para la prestaci\u00f3n de este servicio, el uso es opcional y exclusivo para los alumnos que viven en las \u00e1reas donde se tiene cobertura.\u00a0 Las normas que regulan el uso del transporte pueden consultarse dentro del Breviario de funcionamiento. La Direcci\u00f3n asigna una persona Encargada, para que atienda la coordinaci\u00f3n [&hellip;]<\/p>\n","protected":false},"author":1,"featured_media":0,"parent":0,"menu_order":0,"comment_status":"closed","ping_status":"closed","template":"","meta":{"ngg_post_thumbnail":0,"footnotes":""},"class_list":["post-519","page","type-page","status-publish","hentry"],"_links":{"self":[{"href":"https:\/\/iagtest.cloudns.ph\/de\/wp-json\/wp\/v2\/pages\/519","targetHints":{"allow":["GET"]}}],"collection":[{"href":"https:\/\/iagtest.cloudns.ph\/de\/wp-json\/wp\/v2\/pages"}],"about":[{"href":"https:\/\/iagtest.cloudns.ph\/de\/wp-json\/wp\/v2\/types\/page"}],"author":[{"embeddable":true,"href":"https:\/\/iagtest.cloudns.ph\/de\/wp-json\/wp\/v2\/users\/1"}],"replies":[{"embeddable":true,"href":"https:\/\/iagtest.cloudns.ph\/de\/wp-json\/wp\/v2\/comments?post=519"}],"version-history":[{"count":5,"href":"https:\/\/iagtest.cloudns.ph\/de\/wp-json\/wp\/v2\/pages\/519\/revisions"}],"predecessor-version":[{"id":2286,"href":"https:\/\/iagtest.cloudns.ph\/de\/wp-json\/wp\/v2\/pages\/519\/revisions\/2286"}],"wp:attachment":[{"href":"https:\/\/iagtest.cloudns.ph\/de\/wp-json\/wp\/v2\/media?parent=519"}],"curies":[{"name":"wp","href":"https:\/\/api.w.org\/{rel}","templated":true}]}}