{"id":521,"date":"2023-08-22T17:57:38","date_gmt":"2023-08-22T17:57:38","guid":{"rendered":"https:\/\/iagtest.cloudns.ph\/?page_id=521"},"modified":"2026-03-10T14:17:02","modified_gmt":"2026-03-10T14:17:02","slug":"proveeduria","status":"publish","type":"page","link":"https:\/\/iagtest.cloudns.ph\/de\/proveeduria\/","title":{"rendered":"Schulgesch\u00e4ft"},"content":{"rendered":"<div data-elementor-type=\"wp-page\" data-elementor-id=\"521\" class=\"elementor elementor-521\" data-elementor-post-type=\"page\">\n\t\t\t\t<div class=\"elementor-element elementor-element-8b92ffc e-flex e-con-boxed e-con e-parent\" data-id=\"8b92ffc\" data-element_type=\"container\" data-e-type=\"container\">\n\t\t\t\t\t<div class=\"e-con-inner\">\n\t\t\t\t<div class=\"elementor-element elementor-element-1fe921f elementor-widget elementor-widget-text-editor\" data-id=\"1fe921f\" data-element_type=\"widget\" data-e-type=\"widget\" data-widget_type=\"text-editor.default\">\n\t\t\t\t\t\t\t\t\t<p>Das Schulgesch\u00e4ft ist als B\u00fcchergesch\u00e4ft eingerichet, bietet zahlreiche Schulartikel und erm\u00f6glicht es den Sch\u00fclerInnen, Schulartikel in der Schule zu kaufen. Im Rahmen der geltenden \u00d6ffnungszeiten werden auch Eltern bedient, in den Pausen haben aber die Sch\u00fclerInnen Vorrang.<\/p>\t\t\t\t\t\t\t\t<\/div>\n\t\t\t\t\t<\/div>\n\t\t\t\t<\/div>\n\t\t\t\t<\/div>","protected":false},"excerpt":{"rendered":"<p>Das Schulgesch\u00e4ft ist als B\u00fcchergesch\u00e4ft eingerichet, bietet zahlreiche Schulartikel und erm\u00f6glicht es den Sch\u00fclerInnen, Schulartikel in der Schule zu kaufen. Im Rahmen der geltenden \u00d6ffnungszeiten werden auch Eltern bedient, in den Pausen haben aber die Sch\u00fclerInnen Vorrang.<\/p>","protected":false},"author":1,"featured_media":0,"parent":0,"menu_order":0,"comment_status":"closed","ping_status":"closed","template":"","meta":{"ngg_post_thumbnail":0,"footnotes":""},"class_list":["post-521","page","type-page","status-publish","hentry"],"_links":{"self":[{"href":"https:\/\/iagtest.cloudns.ph\/de\/wp-json\/wp\/v2\/pages\/521","targetHints":{"allow":["GET"]}}],"collection":[{"href":"https:\/\/iagtest.cloudns.ph\/de\/wp-json\/wp\/v2\/pages"}],"about":[{"href":"https:\/\/iagtest.cloudns.ph\/de\/wp-json\/wp\/v2\/types\/page"}],"author":[{"embeddable":true,"href":"https:\/\/iagtest.cloudns.ph\/de\/wp-json\/wp\/v2\/users\/1"}],"replies":[{"embeddable":true,"href":"https:\/\/iagtest.cloudns.ph\/de\/wp-json\/wp\/v2\/comments?post=521"}],"version-history":[{"count":5,"href":"https:\/\/iagtest.cloudns.ph\/de\/wp-json\/wp\/v2\/pages\/521\/revisions"}],"predecessor-version":[{"id":2290,"href":"https:\/\/iagtest.cloudns.ph\/de\/wp-json\/wp\/v2\/pages\/521\/revisions\/2290"}],"wp:attachment":[{"href":"https:\/\/iagtest.cloudns.ph\/de\/wp-json\/wp\/v2\/media?parent=521"}],"curies":[{"name":"wp","href":"https:\/\/api.w.org\/{rel}","templated":true}]}}