{"id":523,"date":"2023-08-22T17:58:11","date_gmt":"2023-08-22T17:58:11","guid":{"rendered":"https:\/\/iagtest.cloudns.ph\/?page_id=523"},"modified":"2026-03-10T14:21:53","modified_gmt":"2026-03-10T14:21:53","slug":"523-2","status":"publish","type":"page","link":"https:\/\/iagtest.cloudns.ph\/de\/523-2\/","title":{"rendered":"Erste-Hilfe-Klinik"},"content":{"rendered":"<div data-elementor-type=\"wp-page\" data-elementor-id=\"523\" class=\"elementor elementor-523\" data-elementor-post-type=\"page\">\n\t\t\t\t<div class=\"elementor-element elementor-element-201cb94 e-flex e-con-boxed e-con e-parent\" data-id=\"201cb94\" data-element_type=\"container\" data-e-type=\"container\">\n\t\t\t\t\t<div class=\"e-con-inner\">\n\t\t\t\t<div class=\"elementor-element elementor-element-f818ad4 elementor-widget elementor-widget-text-editor\" data-id=\"f818ad4\" data-element_type=\"widget\" data-e-type=\"widget\" data-widget_type=\"text-editor.default\">\n\t\t\t\t\t\t\t\t\t<p>Es gibt eine Erste-Hilfe-Klinik, die im Falle von Unf\u00e4llen oder Notf\u00e4llen innerhalb der Schule Hilfe leistet. Es ist von besonderer Bedeutung, dass die Eltern \u00fcber besondere Gesundheitssituationen, \u00fcber die Verwendung von Medikamenten, \u00fcber Leiden oder Krankenheiten der Sch\u00fclerInnen entsprechend informieren wie auch ihre Telefonkontakte aktuell halten.<\/p>\n<p>F\u00fcr weitere Informationen besuchen Sie bitte:&nbsp;<\/p>\t\t\t\t\t\t\t\t<\/div>\n\t\t\t\t\t<\/div>\n\t\t\t\t<\/div>\n\t\t<div class=\"elementor-element elementor-element-9580832 e-flex e-con-boxed e-con e-parent\" data-id=\"9580832\" data-element_type=\"container\" data-e-type=\"container\">\n\t\t\t\t\t<div class=\"e-con-inner\">\n\t\t\t\t<div class=\"elementor-element elementor-element-d02a901 elementor-widget elementor-widget-button\" data-id=\"d02a901\" data-element_type=\"widget\" data-e-type=\"widget\" data-widget_type=\"button.default\">\n\t\t\t\t\t\t\t\t\t\t<a class=\"elementor-button elementor-button-link elementor-size-sm\" href=\"\/wp-content\/uploads\/2026\/03\/Atencion-medica-en-la-clinica-IAG-en-PDF.pdf\" target=\"_blank\">\n\t\t\t\t\t\t<span class=\"elementor-button-content-wrapper\">\n\t\t\t\t\t\t\t\t\t<span class=\"elementor-button-text\">Verfahren f\u00fcr die Versorgung in einer Erste-Hilfe-Klinik<\/span>\n\t\t\t\t\t<\/span>\n\t\t\t\t\t<\/a>\n\t\t\t\t\t\t\t\t<\/div>\n\t\t\t\t\t<\/div>\n\t\t\t\t<\/div>\n\t\t<div class=\"elementor-element elementor-element-62f90d6 e-flex e-con-boxed e-con e-parent\" data-id=\"62f90d6\" data-element_type=\"container\" data-e-type=\"container\">\n\t\t\t\t\t<div class=\"e-con-inner\">\n\t\t\t\t<div class=\"elementor-element elementor-element-aff2b96 elementor-widget elementor-widget-button\" data-id=\"aff2b96\" data-element_type=\"widget\" data-e-type=\"widget\" data-widget_type=\"button.default\">\n\t\t\t\t\t\t\t\t\t\t<a class=\"elementor-button elementor-button-link elementor-size-sm\" href=\"\/wp-content\/uploads\/2026\/03\/RENOVACION-SEGURO-ESCOLAR-INSTITURO-AUSTRIACO-Y-COLEGIO-VIENA-2026-SEGUROS-GYT-1.pdf\" target=\"_blank\">\n\t\t\t\t\t\t<span class=\"elementor-button-content-wrapper\">\n\t\t\t\t\t\t\t\t\t<span class=\"elementor-button-text\">Versicherungsschutz f\u00fcr G&amp;T-Sch\u00fcler 2026<\/span>\n\t\t\t\t\t<\/span>\n\t\t\t\t\t<\/a>\n\t\t\t\t\t\t\t\t<\/div>\n\t\t\t\t\t<\/div>\n\t\t\t\t<\/div>\n\t\t\t\t<\/div>","protected":false},"excerpt":{"rendered":"<p>Se cuenta con una cl\u00ednica de primeros auxilios, que proporciona atenci\u00f3n por accidentes o emergencias ocurridos dentro del Instituto.&nbsp; Es importante que los padres informen las condiciones especiales de salud, uso de medicamentos,&nbsp;por padecimientos o enfermedades de los estudiantes,&nbsp;as\u00ed como mantener sus datos telef\u00f3nicos actualizados. Para m\u00e1s informaci\u00f3n:&nbsp; Procedimiento para atenci\u00f3n en cl\u00ednica de primeros [&hellip;]<\/p>\n","protected":false},"author":1,"featured_media":0,"parent":0,"menu_order":0,"comment_status":"closed","ping_status":"closed","template":"","meta":{"ngg_post_thumbnail":0,"footnotes":""},"class_list":["post-523","page","type-page","status-publish","hentry"],"_links":{"self":[{"href":"https:\/\/iagtest.cloudns.ph\/de\/wp-json\/wp\/v2\/pages\/523","targetHints":{"allow":["GET"]}}],"collection":[{"href":"https:\/\/iagtest.cloudns.ph\/de\/wp-json\/wp\/v2\/pages"}],"about":[{"href":"https:\/\/iagtest.cloudns.ph\/de\/wp-json\/wp\/v2\/types\/page"}],"author":[{"embeddable":true,"href":"https:\/\/iagtest.cloudns.ph\/de\/wp-json\/wp\/v2\/users\/1"}],"replies":[{"embeddable":true,"href":"https:\/\/iagtest.cloudns.ph\/de\/wp-json\/wp\/v2\/comments?post=523"}],"version-history":[{"count":10,"href":"https:\/\/iagtest.cloudns.ph\/de\/wp-json\/wp\/v2\/pages\/523\/revisions"}],"predecessor-version":[{"id":2300,"href":"https:\/\/iagtest.cloudns.ph\/de\/wp-json\/wp\/v2\/pages\/523\/revisions\/2300"}],"wp:attachment":[{"href":"https:\/\/iagtest.cloudns.ph\/de\/wp-json\/wp\/v2\/media?parent=523"}],"curies":[{"name":"wp","href":"https:\/\/api.w.org\/{rel}","templated":true}]}}