{"id":585,"date":"2024-02-19T14:17:58","date_gmt":"2024-02-19T14:17:58","guid":{"rendered":"https:\/\/iagtest.cloudns.ph\/?page_id=585"},"modified":"2026-03-17T19:07:39","modified_gmt":"2026-03-17T19:07:39","slug":"galeria","status":"publish","type":"page","link":"https:\/\/iagtest.cloudns.ph\/de\/galeria\/","title":{"rendered":"Galerie"},"content":{"rendered":"<div data-elementor-type=\"wp-page\" data-elementor-id=\"585\" class=\"elementor elementor-585\" data-elementor-post-type=\"page\">\n\t\t\t\t<div class=\"elementor-element elementor-element-8764d3d e-flex e-con-boxed e-con e-parent\" data-id=\"8764d3d\" data-element_type=\"container\" data-e-type=\"container\">\n\t\t\t\t\t<div class=\"e-con-inner\">\n\t\t\t\t<div class=\"elementor-element elementor-element-74c6ebe elementor-widget elementor-widget-html\" data-id=\"74c6ebe\" data-element_type=\"widget\" data-e-type=\"widget\" data-widget_type=\"html.default\">\n\t\t\t\t\t<style>\r\n.galeria-grid {\r\n    display: grid;\r\n    grid-template-columns: repeat(3, 1fr);\r\n    gap: 30px;\r\n}\r\n\r\n.galeria-card {\r\n    background: #f8f9fa;\r\n    border-radius: 20px;\r\n    overflow: hidden;\r\n    box-shadow: 0 12px 30px rgba(0,0,0,0.08);\r\n    transition: all 0.3s ease;\r\n}\r\n\r\n.galeria-card:hover {\r\n    transform: translateY(-8px);\r\n    box-shadow: 0 18px 40px rgba(0,0,0,0.15);\r\n}\r\n\r\n.galeria-img {\r\n    position: relative;\r\n    overflow: hidden;\r\n}\r\n\r\n.galeria-img img {\r\n    width: 100%;\r\n    display: block;\r\n}\r\n\r\n.galeria-overlay {\r\n    position: absolute;\r\n    top: 0;\r\n    left: 0;\r\n    right: 0;\r\n    bottom: 0;\r\n    background: rgba(0,0,0,0);\r\n    display: flex;\r\n    align-items: center;\r\n    justify-content: center;\r\n    transition: all 0.3s ease;\r\n}\r\n\r\n.galeria-overlay span {\r\n    color: #fff;\r\n    font-size: 18px;\r\n    font-weight: 600;\r\n    opacity: 0;\r\n    transition: all 0.3s ease;\r\n}\r\n\r\n.galeria-card:hover .galeria-overlay {\r\n    background: rgba(0,0,0,0.55);\r\n}\r\n\r\n.galeria-card:hover .galeria-overlay span {\r\n    opacity: 1;\r\n}\r\n\r\n.galeria-title {\r\n    padding: 25px;\r\n    text-align: center;\r\n    font-size: 20px;\r\n    font-weight: 600;\r\n    color: #1a1a1a;\r\n}\r\n\r\n.galeria-img {\r\n    position: relative;\r\n    height: 250px; \/* Ajusta altura aqu\u00ed *\/\r\n    overflow: hidden;\r\n}\r\n\r\n.galeria-img img {\r\n    width: 100%;\r\n    height: 100%;\r\n    object-fit: cover;\r\n}\r\n\r\n\/* Responsive *\/\r\n@media (max-width: 1024px) {\r\n    .galeria-grid {\r\n        grid-template-columns: repeat(2, 1fr);\r\n    }\r\n}\r\n\r\n@media (max-width: 767px) {\r\n    .galeria-grid {\r\n        grid-template-columns: 1fr;\r\n    }\r\n}\r\n<\/style>\r\n\r\n<div class=\"galeria-grid\">\r\n\r\n    <a href=\"\/de\/manana-deportiva\/\" class=\"galeria-card\">\r\n        <div class=\"galeria-img\">\r\n            <img decoding=\"async\" src=\"\/wp-content\/uploads\/2026\/03\/mananadeportiva.jpg\" alt=\"Ma\u00f1ana Deportiva\">\r\n            <div class=\"galeria-overlay\">\r\n                <span>Galerie ansehen<\/span>\r\n            <\/div>\r\n        <\/div>\r\n        <div class=\"galeria-title\">Sportfest<\/div>\r\n    <\/a>\r\n\r\n    <a href=\"\/de\/semana-rural\/\" class=\"galeria-card\">\r\n        <div class=\"galeria-img\">\r\n            <img decoding=\"async\" src=\"\/wp-content\/uploads\/2026\/03\/semanarural.jpg\" alt=\"Semana Rural\">\r\n            <div class=\"galeria-overlay\">\r\n                <span>Galerie ansehen<\/span>\r\n            <\/div>\r\n        <\/div>\r\n        <div class=\"galeria-title\">Landschulwoche<\/div>\r\n    <\/a>\r\n\r\n    <a href=\"#\" class=\"galeria-card\">\r\n        <div class=\"galeria-img\">\r\n            <img decoding=\"async\" src=\"\/wp-content\/uploads\/2026\/03\/juegoscentros.jpg\" alt=\"Juegos Centroamericanos\">\r\n            <div class=\"galeria-overlay\">\r\n                <span>Galerie ansehen<\/span>\r\n            <\/div>\r\n        <\/div>\r\n        <div class=\"galeria-title\">Zentralamerikanische Spiele<\/div>\r\n    <\/a>\r\n\r\n<\/div>\t\t\t\t<\/div>\n\t\t\t\t\t<\/div>\n\t\t\t\t<\/div>\n\t\t<div class=\"elementor-element elementor-element-4e8385f e-flex e-con-boxed e-con e-parent\" data-id=\"4e8385f\" data-element_type=\"container\" data-e-type=\"container\">\n\t\t\t\t\t<div class=\"e-con-inner\">\n\t\t\t\t<div class=\"elementor-element elementor-element-b7ab4d2 elementor-widget elementor-widget-html\" data-id=\"b7ab4d2\" data-element_type=\"widget\" data-e-type=\"widget\" data-widget_type=\"html.default\">\n\t\t\t\t\t<style>\r\n.galeria-grid {\r\n    display: grid;\r\n    grid-template-columns: repeat(3, 1fr);\r\n    gap: 30px;\r\n}\r\n\r\n.galeria-card {\r\n    background: #f8f9fa;\r\n    border-radius: 20px;\r\n    overflow: hidden;\r\n    box-shadow: 0 12px 30px rgba(0,0,0,0.08);\r\n    transition: all 0.3s ease;\r\n}\r\n\r\n.galeria-card:hover {\r\n    transform: translateY(-8px);\r\n    box-shadow: 0 18px 40px rgba(0,0,0,0.15);\r\n}\r\n\r\n.galeria-img {\r\n    position: relative;\r\n    overflow: hidden;\r\n}\r\n\r\n.galeria-img img {\r\n    width: 100%;\r\n    display: block;\r\n}\r\n\r\n.galeria-overlay {\r\n    position: absolute;\r\n    top: 0;\r\n    left: 0;\r\n    right: 0;\r\n    bottom: 0;\r\n    background: rgba(0,0,0,0);\r\n    display: flex;\r\n    align-items: center;\r\n    justify-content: center;\r\n    transition: all 0.3s ease;\r\n}\r\n\r\n.galeria-overlay span {\r\n    color: #fff;\r\n    font-size: 18px;\r\n    font-weight: 600;\r\n    opacity: 0;\r\n    transition: all 0.3s ease;\r\n}\r\n\r\n.galeria-card:hover .galeria-overlay {\r\n    background: rgba(0,0,0,0.55);\r\n}\r\n\r\n.galeria-card:hover .galeria-overlay span {\r\n    opacity: 1;\r\n}\r\n\r\n.galeria-title {\r\n    padding: 25px;\r\n    text-align: center;\r\n    font-size: 20px;\r\n    font-weight: 600;\r\n    color: #1a1a1a;\r\n}\r\n\r\n.galeria-img {\r\n    position: relative;\r\n    height: 250px; \/* Ajusta altura aqu\u00ed *\/\r\n    overflow: hidden;\r\n}\r\n\r\n.galeria-img img {\r\n    width: 100%;\r\n    height: 100%;\r\n    object-fit: cover;\r\n}\r\n\r\n\/* Responsive *\/\r\n@media (max-width: 1024px) {\r\n    .galeria-grid {\r\n        grid-template-columns: repeat(2, 1fr);\r\n    }\r\n}\r\n\r\n@media (max-width: 767px) {\r\n    .galeria-grid {\r\n        grid-template-columns: 1fr;\r\n    }\r\n}\r\n<\/style>\r\n\r\n<div class=\"galeria-grid\">\r\n\r\n    <a href=\"#\" class=\"galeria-card\">\r\n        <div class=\"galeria-img\">\r\n            <img decoding=\"async\" src=\"\/wp-content\/uploads\/2026\/03\/diaeuropaportada.jpg\" alt=\"Ma\u00f1ana Deportiva\">\r\n            <div class=\"galeria-overlay\">\r\n                <span>Galerie ansehen<\/span>\r\n            <\/div>\r\n        <\/div>\r\n        <div class=\"galeria-title\">Europatag<\/div>\r\n    <\/a>\r\n\r\n    <a href=\"#\" class=\"galeria-card\">\r\n        <div class=\"galeria-img\">\r\n            <img decoding=\"async\" src=\"\/wp-content\/uploads\/2026\/03\/maturaballportada.jpg\" alt=\"Semana Rural\">\r\n            <div class=\"galeria-overlay\">\r\n                <span>Galerie ansehen<\/span>\r\n            <\/div>\r\n        <\/div>\r\n        <div class=\"galeria-title\">Maturaball<\/div>\r\n    <\/a>\r\n\r\n    <a href=\"#\" class=\"galeria-card\">\r\n        <div class=\"galeria-img\">\r\n            <img decoding=\"async\" src=\"\/wp-content\/uploads\/2026\/03\/veladamusicalportada-scaled.jpg\" alt=\"Juegos Centroamericanos\">\r\n            <div class=\"galeria-overlay\">\r\n                <span>Galerie ansehen<\/span>\r\n            <\/div>\r\n        <\/div>\r\n        <div class=\"galeria-title\">Musikalischer Abend<\/div>\r\n    <\/a>\r\n\r\n<\/div>\t\t\t\t<\/div>\n\t\t\t\t\t<\/div>\n\t\t\t\t<\/div>\n\t\t\t\t<\/div>","protected":false},"excerpt":{"rendered":"<p>Ver galer\u00eda Ma\u00f1ana Deportiva Ver galer\u00eda Semana Rural Ver galer\u00eda Juegos Centroamericanos Ver galer\u00eda D\u00eda de Europa Ver galer\u00eda Maturaball Ver galer\u00eda Velada Musical<\/p>","protected":false},"author":1,"featured_media":0,"parent":0,"menu_order":0,"comment_status":"closed","ping_status":"closed","template":"","meta":{"ngg_post_thumbnail":0,"footnotes":""},"class_list":["post-585","page","type-page","status-publish","hentry"],"_links":{"self":[{"href":"https:\/\/iagtest.cloudns.ph\/de\/wp-json\/wp\/v2\/pages\/585","targetHints":{"allow":["GET"]}}],"collection":[{"href":"https:\/\/iagtest.cloudns.ph\/de\/wp-json\/wp\/v2\/pages"}],"about":[{"href":"https:\/\/iagtest.cloudns.ph\/de\/wp-json\/wp\/v2\/types\/page"}],"author":[{"embeddable":true,"href":"https:\/\/iagtest.cloudns.ph\/de\/wp-json\/wp\/v2\/users\/1"}],"replies":[{"embeddable":true,"href":"https:\/\/iagtest.cloudns.ph\/de\/wp-json\/wp\/v2\/comments?post=585"}],"version-history":[{"count":20,"href":"https:\/\/iagtest.cloudns.ph\/de\/wp-json\/wp\/v2\/pages\/585\/revisions"}],"predecessor-version":[{"id":2496,"href":"https:\/\/iagtest.cloudns.ph\/de\/wp-json\/wp\/v2\/pages\/585\/revisions\/2496"}],"wp:attachment":[{"href":"https:\/\/iagtest.cloudns.ph\/de\/wp-json\/wp\/v2\/media?parent=585"}],"curies":[{"name":"wp","href":"https:\/\/api.w.org\/{rel}","templated":true}]}}