{"id":682,"date":"2024-02-20T15:59:38","date_gmt":"2024-02-20T15:59:38","guid":{"rendered":"https:\/\/iagtest.cloudns.ph\/?page_id=682"},"modified":"2026-03-11T15:56:36","modified_gmt":"2026-03-11T15:56:36","slug":"parque-ecologico-austriaco-cayala","status":"publish","type":"page","link":"https:\/\/iagtest.cloudns.ph\/de\/parque-ecologico-austriaco-cayala\/","title":{"rendered":"Umweltpark Austriaco-Cayala"},"content":{"rendered":"<div data-elementor-type=\"wp-page\" data-elementor-id=\"682\" class=\"elementor elementor-682\" data-elementor-post-type=\"page\">\n\t\t\t\t<div class=\"elementor-element elementor-element-c26de30 e-flex e-con-boxed e-con e-parent\" data-id=\"c26de30\" data-element_type=\"container\" data-e-type=\"container\">\n\t\t\t\t\t<div class=\"e-con-inner\">\n\t\t\t\t<div class=\"elementor-element elementor-element-df265ee elementor-widget elementor-widget-text-editor\" data-id=\"df265ee\" data-element_type=\"widget\" data-e-type=\"widget\" data-widget_type=\"text-editor.default\">\n\t\t\t\t\t\t\t\t\t<p>Das Projekt besteht in einem Natur- und Umweltpark, der den Sch\u00fcler_innen sowohl Direktkontakt mit der Natur als auch Lernraum bietet. Der Park dient au\u00dferdem als Erholungsgebiet und kann f\u00fcr Naturspazierg\u00e4nge, aber auch als Unterrichtsraum im Freien genutzt werden.<\/p><p>Das Projekt verfolgt das Ziel, die Sch\u00fcler_innen f\u00fcr den Schutz der Flora, der Fauna, der Umwelt so wie das Recycling zu sensibilisieren.<\/p><p>Der Kontakt und der Austausch mit der Natur wird in unserem t\u00e4glichen Leben immer weniger m\u00f6glich: Der Umweltpark bietet daher das ideale Ambiente zum erfahrenden Lernen und zur Behandlung verschiedener Themen, zum harmonischen Zusammensein wie auch zum Aufbau einer Respektkultur gegen\u00fcber der Natur und der Bewahrung der nat\u00fcrlichen Lebensr\u00e4ume und Ressourcen auf aktive, vergn\u00fcgliche und vor allem produktive Weise.<\/p><p>Mit diesem Park verf\u00fcgen wir \u00fcber einen Platz zur Begegnung und zur Beobachtung der Natur in ihrer vollen Pracht, wo die Kinder in und mit der Natur leben und sie gleichzeitig genie\u00dfen, bewahren und von ihr lernen.<\/p><p>Im IAG ist es nun leicht im Rahmen des Unterrichts Themen und Aktivit\u00e4ten mit Umweltbezug zu behandeln, indem die Sch\u00fcler_innen Aktivit\u00e4ten zur Bewahrung unserer Ressourcen entwickeln und sie ihren Familienangeh\u00f6rigen und Freunden weitergeben, damit wir alle zusammen im Verlauf der Jahre alle jene Gebiete, wo die Natur die Hauptrolle spielt, zur\u00fcckerobern.<\/p>\t\t\t\t\t\t\t\t<\/div>\n\t\t\t\t\t<\/div>\n\t\t\t\t<\/div>\n\t\t<div class=\"elementor-element elementor-element-6d489ac e-grid e-con-boxed e-con e-parent\" data-id=\"6d489ac\" data-element_type=\"container\" data-e-type=\"container\">\n\t\t\t\t\t<div class=\"e-con-inner\">\n\t\t\t\t<div class=\"elementor-element elementor-element-c971fa8 elementor-widget elementor-widget-image\" data-id=\"c971fa8\" data-element_type=\"widget\" data-e-type=\"widget\" data-widget_type=\"image.default\">\n\t\t\t\t\t\t\t\t\t\t\t\t\t\t\t<img fetchpriority=\"high\" decoding=\"async\" width=\"796\" height=\"792\" src=\"https:\/\/iagtest.cloudns.ph\/wp-content\/uploads\/2026\/03\/eco-parque-1-01.jpg\" class=\"attachment-large size-large wp-image-2425\" alt=\"\" srcset=\"https:\/\/iagtest.cloudns.ph\/wp-content\/uploads\/2026\/03\/eco-parque-1-01.jpg 796w, https:\/\/iagtest.cloudns.ph\/wp-content\/uploads\/2026\/03\/eco-parque-1-01-300x298.jpg 300w, https:\/\/iagtest.cloudns.ph\/wp-content\/uploads\/2026\/03\/eco-parque-1-01-150x150.jpg 150w, https:\/\/iagtest.cloudns.ph\/wp-content\/uploads\/2026\/03\/eco-parque-1-01-768x764.jpg 768w, https:\/\/iagtest.cloudns.ph\/wp-content\/uploads\/2026\/03\/eco-parque-1-01-12x12.jpg 12w\" sizes=\"(max-width: 796px) 100vw, 796px\" \/>\t\t\t\t\t\t\t\t\t\t\t\t\t\t\t<\/div>\n\t\t\t\t<div class=\"elementor-element elementor-element-67abc07 elementor-widget elementor-widget-image\" data-id=\"67abc07\" data-element_type=\"widget\" data-e-type=\"widget\" data-widget_type=\"image.default\">\n\t\t\t\t\t\t\t\t\t\t\t\t\t\t\t<img decoding=\"async\" width=\"800\" height=\"817\" src=\"https:\/\/iagtest.cloudns.ph\/wp-content\/uploads\/2026\/03\/eco-parque-2-02.jpg\" class=\"attachment-large size-large wp-image-2424\" alt=\"\" srcset=\"https:\/\/iagtest.cloudns.ph\/wp-content\/uploads\/2026\/03\/eco-parque-2-02.jpg 808w, https:\/\/iagtest.cloudns.ph\/wp-content\/uploads\/2026\/03\/eco-parque-2-02-294x300.jpg 294w, https:\/\/iagtest.cloudns.ph\/wp-content\/uploads\/2026\/03\/eco-parque-2-02-768x784.jpg 768w, https:\/\/iagtest.cloudns.ph\/wp-content\/uploads\/2026\/03\/eco-parque-2-02-12x12.jpg 12w\" sizes=\"(max-width: 800px) 100vw, 800px\" \/>\t\t\t\t\t\t\t\t\t\t\t\t\t\t\t<\/div>\n\t\t\t\t\t<\/div>\n\t\t\t\t<\/div>\n\t\t\t\t<\/div>","protected":false},"excerpt":{"rendered":"<p>El proyecto consiste en un parque natural y ecol\u00f3gico en el cual los alumnos pueden estar en contacto directo con la naturaleza y al mismo tiempo aprender de ella. Funciona como espacio de recreaci\u00f3n; sin embargo, tambi\u00e9n puede ser utilizado para paseos o clases al aire libre. El proyecto busca la concientizaci\u00f3n de los alumnos [&hellip;]<\/p>\n","protected":false},"author":1,"featured_media":0,"parent":0,"menu_order":0,"comment_status":"closed","ping_status":"closed","template":"","meta":{"ngg_post_thumbnail":0,"footnotes":""},"class_list":["post-682","page","type-page","status-publish","hentry"],"_links":{"self":[{"href":"https:\/\/iagtest.cloudns.ph\/de\/wp-json\/wp\/v2\/pages\/682","targetHints":{"allow":["GET"]}}],"collection":[{"href":"https:\/\/iagtest.cloudns.ph\/de\/wp-json\/wp\/v2\/pages"}],"about":[{"href":"https:\/\/iagtest.cloudns.ph\/de\/wp-json\/wp\/v2\/types\/page"}],"author":[{"embeddable":true,"href":"https:\/\/iagtest.cloudns.ph\/de\/wp-json\/wp\/v2\/users\/1"}],"replies":[{"embeddable":true,"href":"https:\/\/iagtest.cloudns.ph\/de\/wp-json\/wp\/v2\/comments?post=682"}],"version-history":[{"count":12,"href":"https:\/\/iagtest.cloudns.ph\/de\/wp-json\/wp\/v2\/pages\/682\/revisions"}],"predecessor-version":[{"id":2431,"href":"https:\/\/iagtest.cloudns.ph\/de\/wp-json\/wp\/v2\/pages\/682\/revisions\/2431"}],"wp:attachment":[{"href":"https:\/\/iagtest.cloudns.ph\/de\/wp-json\/wp\/v2\/media?parent=682"}],"curies":[{"name":"wp","href":"https:\/\/api.w.org\/{rel}","templated":true}]}}