{"id":75,"date":"2023-06-16T14:25:01","date_gmt":"2023-06-16T14:25:01","guid":{"rendered":"https:\/\/iagtest.cloudns.ph\/?page_id=75"},"modified":"2026-03-03T18:30:12","modified_gmt":"2026-03-03T18:30:12","slug":"bienvenida","status":"publish","type":"page","link":"https:\/\/iagtest.cloudns.ph\/de\/bienvenida\/","title":{"rendered":"\u00dcber uns"},"content":{"rendered":"<div data-elementor-type=\"wp-page\" data-elementor-id=\"75\" class=\"elementor elementor-75\" data-elementor-post-type=\"page\">\n\t\t\t\t<div class=\"elementor-element elementor-element-b063f89 e-flex e-con-boxed e-con e-parent\" data-id=\"b063f89\" data-element_type=\"container\" data-e-type=\"container\">\n\t\t\t\t\t<div class=\"e-con-inner\">\n\t\t\t\t<div class=\"elementor-element elementor-element-aee40cb elementor-widget elementor-widget-text-editor\" data-id=\"aee40cb\" data-element_type=\"widget\" data-e-type=\"widget\" data-widget_type=\"text-editor.default\">\n\t\t\t\t\t\t\t\t\t<p>Die \u00d6sterreichische Schule Guatemala (Instituto Austriaco Guatemalteco, IAG) ist eine\nbikulturelle, private und weltliche Schule im Besitz der \u00d6sterreichisch-Guatemaltekischen\nKulturstiftung. Seit ihrer Gr\u00fcndung im Jahr 1958 bietet sie Kindern und Jugendlichen beider\nGeschlechter die M\u00f6glichkeit zu einer dreisprachigen Ausbildung (Spanisch, Deutsch, Englisch)\nmit starker naturwissenschaftlicher Orientierung. Der Experimentalcharakter der Institution\ngestattet die Vereinigung \u00f6sterreichischer und guatemaltekischer Schulprogramme und erweist\nsich damit als eine der besten Ausbildungsoptionen in Guatemala. Seit mehr als sechzig Jahren\nwurde und wird hier exzellente Schularbeit geleistet.<\/p>\n<p><span lang=\"es\">Das IAG ist eine Einrichtung des \u00f6sterreichischen Auslandsschulwesens und wird von der\n\u00d6sterreichischen Bundesregierung \u00fcber das Bundesministerium f\u00fcr Bildung, Wissenschaft und\nForschung (BMBWF) \u2013 wie im Vertrag zur kulturellen, wissenschaftlichen und erzieherischen\nZusammenarbeit (Kulturvertrag) zwischen der Republik \u00d6sterreich und der Republik Guatemala\nvereinbart (24. M\u00e4rz 1988, Guatemala City, Diario de Centro Am\u00e9rica am 27. Dezember 1989)\n\u2013 unterst\u00fctzt.<\/span><\/p>\n<p>Die Schulkultur zeichnet sich durch folgende vermittelte Werte aus:<\/p>\n<ul>\n<li>Verantwortung und Autonomie<\/li>\n<li>Unabh\u00e4ngigkeit<\/li>\n<li>Kritische Haltung<\/li>\n<li>Soziales Gewissen und Solidarid\u00e4t<\/li>\n<li>Ausdauer und Disziplin<\/li>\n<li>Respekt gegen\u00fcber der Multikulturalit\u00e4t sowie den religi\u00f6sen, politischen, sozialen und ethnischen Unterschieden<\/li>\n<\/ul>\t\t\t\t\t\t\t\t<\/div>\n\t\t\t\t\t<\/div>\n\t\t\t\t<\/div>\n\t\t\t\t<\/div>","protected":false},"excerpt":{"rendered":"<p>El Instituto Austriaco Guatemalteco \u2013IAG- es una instituci\u00f3n educativa bicultural de car\u00e1cter privado, laica, que pertenece a la Fundaci\u00f3n Cultural Austriaco Guatemalteca. Fundado en 1958, ofrece a ni\u00f1os y j\u00f3venes de ambos sexos la oportunidad de recibir una ense\u00f1anza triling\u00fce (alem\u00e1n-espa\u00f1ol-ingl\u00e9s), con orientaci\u00f3n cient\u00edfica. &nbsp;El car\u00e1cter experimental de la instituci\u00f3n permite la uni\u00f3n de los [&hellip;]<\/p>\n","protected":false},"author":1,"featured_media":0,"parent":0,"menu_order":0,"comment_status":"closed","ping_status":"closed","template":"","meta":{"ngg_post_thumbnail":0,"footnotes":""},"class_list":["post-75","page","type-page","status-publish","hentry"],"_links":{"self":[{"href":"https:\/\/iagtest.cloudns.ph\/de\/wp-json\/wp\/v2\/pages\/75","targetHints":{"allow":["GET"]}}],"collection":[{"href":"https:\/\/iagtest.cloudns.ph\/de\/wp-json\/wp\/v2\/pages"}],"about":[{"href":"https:\/\/iagtest.cloudns.ph\/de\/wp-json\/wp\/v2\/types\/page"}],"author":[{"embeddable":true,"href":"https:\/\/iagtest.cloudns.ph\/de\/wp-json\/wp\/v2\/users\/1"}],"replies":[{"embeddable":true,"href":"https:\/\/iagtest.cloudns.ph\/de\/wp-json\/wp\/v2\/comments?post=75"}],"version-history":[{"count":14,"href":"https:\/\/iagtest.cloudns.ph\/de\/wp-json\/wp\/v2\/pages\/75\/revisions"}],"predecessor-version":[{"id":1983,"href":"https:\/\/iagtest.cloudns.ph\/de\/wp-json\/wp\/v2\/pages\/75\/revisions\/1983"}],"wp:attachment":[{"href":"https:\/\/iagtest.cloudns.ph\/de\/wp-json\/wp\/v2\/media?parent=75"}],"curies":[{"name":"wp","href":"https:\/\/api.w.org\/{rel}","templated":true}]}}