{"id":77,"date":"2023-06-16T14:25:40","date_gmt":"2023-06-16T14:25:40","guid":{"rendered":"https:\/\/iagtest.cloudns.ph\/?page_id=77"},"modified":"2026-03-03T18:49:43","modified_gmt":"2026-03-03T18:49:43","slug":"mision-y-vision","status":"publish","type":"page","link":"https:\/\/iagtest.cloudns.ph\/de\/mision-y-vision\/","title":{"rendered":"Mission und Vision"},"content":{"rendered":"<div data-elementor-type=\"wp-page\" data-elementor-id=\"77\" class=\"elementor elementor-77\" data-elementor-post-type=\"page\">\n\t\t\t\t<div class=\"elementor-element elementor-element-f6cd104 e-flex e-con-boxed e-con e-parent\" data-id=\"f6cd104\" data-element_type=\"container\" data-e-type=\"container\">\n\t\t\t\t\t<div class=\"e-con-inner\">\n\t\t\t\t<div class=\"elementor-element elementor-element-c33534a elementor-widget elementor-widget-text-editor\" data-id=\"c33534a\" data-element_type=\"widget\" data-e-type=\"widget\" data-widget_type=\"text-editor.default\">\n\t\t\t\t\t\t\t\t\t<h3><strong>Mission<\/strong><\/h3><p>Wir sind eine bikulturelle, dreisprachige Schule (Spanisch, Deutsch, Englisch) mit dem\nAnspruch, in einer Umgebung des harmonischen Zusammenlebens der guatemaltekischen und\n\u00f6sterreichischen Kultur eine ausgezeichnete humanistische und naturwissenschaftliche\nAusbildung anzubieten, sodass unsere AbsolventInnen an den nationalen und internationalen\nUniversit\u00e4ten erfolgreich sind sowie signifikant zur sozialen Entwicklung beitragen.<\/p><p>\u00a0<\/p><h3><strong>Vision<\/strong><\/h3><p>Wir streben eine ausgezeichnete bikulturelle dreispachige Schule (Spanisch, Deutsch, Englisch)\nan, die ihren Sch\u00fclerInnen der Vorschule, der Volksschule sowie der Unter- und Oberstufe eine\nakademische Ausbildung verleiht, die den nationalen und internationalen Anforderungen\nentspricht und auf diese Weise aktiv zur Entwicklung und zum Respekt der sozialen,\npolitischen, religi\u00f6sen und kulturellen Vielfalt beitr\u00e4gt.<\/p>\t\t\t\t\t\t\t\t<\/div>\n\t\t\t\t\t<\/div>\n\t\t\t\t<\/div>\n\t\t\t\t<\/div>","protected":false},"excerpt":{"rendered":"<p>Misi\u00f3n Somos una instituci\u00f3n educativa bicultural triling\u00fce (espa\u00f1ol, alem\u00e1n, ingl\u00e9s) dedicada a brindar, en un entorno de convivencia arm\u00f3nica de las culturas guatemalteca y austriaca, una excelente formaci\u00f3n human\u00edstica y cient\u00edfica, de tal manera que nuestros egresados trasciendan en universidades nacionales e internacionales y se conviertan en factores significativos del desarrollo social. \u00a0 Visi\u00f3n Ser [&hellip;]<\/p>\n","protected":false},"author":1,"featured_media":0,"parent":0,"menu_order":0,"comment_status":"closed","ping_status":"closed","template":"","meta":{"ngg_post_thumbnail":0,"footnotes":""},"class_list":["post-77","page","type-page","status-publish","hentry"],"_links":{"self":[{"href":"https:\/\/iagtest.cloudns.ph\/de\/wp-json\/wp\/v2\/pages\/77","targetHints":{"allow":["GET"]}}],"collection":[{"href":"https:\/\/iagtest.cloudns.ph\/de\/wp-json\/wp\/v2\/pages"}],"about":[{"href":"https:\/\/iagtest.cloudns.ph\/de\/wp-json\/wp\/v2\/types\/page"}],"author":[{"embeddable":true,"href":"https:\/\/iagtest.cloudns.ph\/de\/wp-json\/wp\/v2\/users\/1"}],"replies":[{"embeddable":true,"href":"https:\/\/iagtest.cloudns.ph\/de\/wp-json\/wp\/v2\/comments?post=77"}],"version-history":[{"count":8,"href":"https:\/\/iagtest.cloudns.ph\/de\/wp-json\/wp\/v2\/pages\/77\/revisions"}],"predecessor-version":[{"id":1990,"href":"https:\/\/iagtest.cloudns.ph\/de\/wp-json\/wp\/v2\/pages\/77\/revisions\/1990"}],"wp:attachment":[{"href":"https:\/\/iagtest.cloudns.ph\/de\/wp-json\/wp\/v2\/media?parent=77"}],"curies":[{"name":"wp","href":"https:\/\/api.w.org\/{rel}","templated":true}]}}