{"id":83,"date":"2023-06-16T14:38:36","date_gmt":"2023-06-16T14:38:36","guid":{"rendered":"https:\/\/iagtest.cloudns.ph\/?page_id=83"},"modified":"2023-06-16T14:38:36","modified_gmt":"2023-06-16T14:38:36","slug":"admisiones","status":"publish","type":"page","link":"https:\/\/iagtest.cloudns.ph\/de\/admisiones\/","title":{"rendered":"Einschreibung<!--Informaci\u00f3n General-->"},"content":{"rendered":"<p><a href=\"javascript:window.history.back();\">\u00abRegresar<\/a><br \/>\n[tp lang=&#8221;es&#8221; not_in=&#8221;de&#8221;]<\/p>\n<h3>Primer Ingreso<\/h3>\n<ul>\n<li>\n<h3>Preinscripci\u00f3n:<\/h3>\n<p>Los ni\u00f1os deben ser pre inscritos el \u00faltimo viernes de enero del a\u00f1o siguiente al que nacen.  De esta forma se garantiza a los padres de familia que cuando los ni\u00f1os(as) tengan la edad requerida participar\u00e1n en el per\u00edodo de observaci\u00f3n.<\/p>\n<\/li>\n<li>\n<h3>Per\u00edodo de Observaci\u00f3n:<\/h3>\n<p>Es el proceso mediante el cual se determina qu\u00e9 ni\u00f1os pueden ingresar como alumnos del Instituto. Generalmente se efect\u00faa en junio, durante un periodo de asistencia, para los ni\u00f1os(as) que ese a\u00f1o cumplen los cuatro a\u00f1os.  La decisi\u00f3n se informa a los padres de familia trav\u00e9s de un correo electr\u00f3nico, para que efect\u00faen inmediatamente la inscripci\u00f3n.<\/p>\n<\/li>\n<\/ul>\n<p>[\/tp][tp lang=&#8221;de&#8221; not_in=&#8221;es&#8221;]<\/p>\n<h3>Ersteinschreibung<\/h3>\n<ul>\n<li>\n<h3>Voreinschreibung:<\/h3>\n<p>Die Kinder muessen am letzten Januarsamstag im auf ihr Geburtsjahr folgenden Jahr voreingeschrieben werden. Auf diese Weise wird den Eltern garantiert, dass &#8211; sobald die Kinder das erforderliche Alter erreichen- sie an der Beobachtungsphase teilnehmen k\u00f6nnen.<\/p>\n<\/li>\n<li>\n<h3>Beobachtungsphase:<\/h3>\n<p>Darunter ist jener Prozess zu verstehen, mit dem man feststellt, dass die Kinder in die Schule aufgenommen werden k\u00f6nnen. Normalerweise findet die Beobachtungsphase im Juni statt, an der jene Kinder teilnehmen, die in diesem Jahr 4 Jahre alt geworden sind. Die Entscheidung wird den Eltern mittels E-Mail mitgeteilt, damit sie umgehend die Einschreibung vornehmen k\u00f6nnen.<\/p>\n<\/li>\n<\/ul>\n<p>[\/tp]<\/p>\n","protected":false},"excerpt":{"rendered":"<p>\u00abRegresar [tp lang=&#8221;es&#8221; not_in=&#8221;de&#8221;] Primer Ingreso Preinscripci\u00f3n: Los ni\u00f1os deben ser pre inscritos el \u00faltimo viernes de enero del a\u00f1o siguiente al que nacen. De esta forma se garantiza a los padres de familia que cuando los ni\u00f1os(as) tengan la edad requerida participar\u00e1n en el per\u00edodo de observaci\u00f3n. Per\u00edodo de Observaci\u00f3n: Es el proceso mediante [&hellip;]<\/p>\n","protected":false},"author":1,"featured_media":0,"parent":0,"menu_order":0,"comment_status":"closed","ping_status":"closed","template":"","meta":{"ngg_post_thumbnail":0,"footnotes":""},"class_list":["post-83","page","type-page","status-publish","hentry"],"_links":{"self":[{"href":"https:\/\/iagtest.cloudns.ph\/de\/wp-json\/wp\/v2\/pages\/83","targetHints":{"allow":["GET"]}}],"collection":[{"href":"https:\/\/iagtest.cloudns.ph\/de\/wp-json\/wp\/v2\/pages"}],"about":[{"href":"https:\/\/iagtest.cloudns.ph\/de\/wp-json\/wp\/v2\/types\/page"}],"author":[{"embeddable":true,"href":"https:\/\/iagtest.cloudns.ph\/de\/wp-json\/wp\/v2\/users\/1"}],"replies":[{"embeddable":true,"href":"https:\/\/iagtest.cloudns.ph\/de\/wp-json\/wp\/v2\/comments?post=83"}],"version-history":[{"count":1,"href":"https:\/\/iagtest.cloudns.ph\/de\/wp-json\/wp\/v2\/pages\/83\/revisions"}],"predecessor-version":[{"id":84,"href":"https:\/\/iagtest.cloudns.ph\/de\/wp-json\/wp\/v2\/pages\/83\/revisions\/84"}],"wp:attachment":[{"href":"https:\/\/iagtest.cloudns.ph\/de\/wp-json\/wp\/v2\/media?parent=83"}],"curies":[{"name":"wp","href":"https:\/\/api.w.org\/{rel}","templated":true}]}}