{"id":89,"date":"2023-06-16T15:22:41","date_gmt":"2023-06-16T15:22:41","guid":{"rendered":"https:\/\/iagtest.cloudns.ph\/?page_id=89"},"modified":"2026-03-03T20:46:49","modified_gmt":"2026-03-03T20:46:49","slug":"fundacion-cultural-austriaco-guatemalteca","status":"publish","type":"page","link":"https:\/\/iagtest.cloudns.ph\/de\/fundacion-cultural-austriaco-guatemalteca\/","title":{"rendered":"Kulturstiftung"},"content":{"rendered":"<div data-elementor-type=\"wp-page\" data-elementor-id=\"89\" class=\"elementor elementor-89\" data-elementor-post-type=\"page\">\n\t\t\t\t<div class=\"elementor-element elementor-element-d68f98a e-flex e-con-boxed e-con e-parent\" data-id=\"d68f98a\" data-element_type=\"container\" data-e-type=\"container\">\n\t\t\t\t\t<div class=\"e-con-inner\">\n\t\t\t\t<div class=\"elementor-element elementor-element-351e692 elementor-widget elementor-widget-text-editor\" data-id=\"351e692\" data-element_type=\"widget\" data-e-type=\"widget\" data-widget_type=\"text-editor.default\">\n\t\t\t\t\t\t\t\t\t<p>Die im November 1980 gegr\u00fcndete \u00d6stereichisch Guatemaltekische Kulturstiftung ist ein ziviler Verein, der sich ausschlie\u00dflich Bildungsleistungen widmet. Im Stiftungsvorstand sind vertreten:<\/p><p><span lang=\"es\"><b>Dra. Elisabeth Kehrer<\/b><br \/>Ehrenpr\u00e5sidentin der \u00d6sterreichisch-Guatemaltekischen Kulturstiftung<br \/>\u00d6sterreichische Botschaft Mexiko, Mexiko Stadt, Mexiko<\/span><\/p><p><span lang=\"es\"><b>MinR. Mag. Hanspeter Huber<\/b><br \/>Vorstandsvorsitzender der \u00d6sterreichisch-Guatemaltekischen Kulturstiftung<br \/>Bundesministerium f\u00fcr Bildung, Wissenschaft und Forschung, Wien, \u00d6sterreich<\/span><\/p><p><span lang=\"es\"><b>Dr. Julio David Pel\u00e1ez Sol\u00f3rzano<\/b><br \/>Generalhonorarkonsul der Republik \u00d6sterreich in Guatemala, Guatemala Stadt<\/span><\/p><p><span lang=\"es\"><b>MMMag. Klaus Redl<\/b><br \/>Abteilung f\u00fcr Mobilit\u00e4tsprogramme f\u00fcr Lehrende<br \/>Bundesministerium f\u00fcr Bildung, Wissenschaft und Forschung, Wien, \u00d6sterreich<\/span><\/p><p><span lang=\"es\"><b>HR Mag. Friedrich Baaz<\/b><br \/>Mitglied, Wien, \u00d6sterreich<\/span><\/p>\t\t\t\t\t\t\t\t<\/div>\n\t\t\t\t\t<\/div>\n\t\t\t\t<\/div>\n\t\t\t\t<\/div>","protected":false},"excerpt":{"rendered":"<p>La Fundaci\u00f3n Cultural Austriaco Guatemalteca, fundada en noviembre del 1980, es una instituci\u00f3n de car\u00e1cter civil, dedicada principalmente a la prestaci\u00f3n de servicios educativos. La Junta Directiva est\u00e1 integrada de la siguiente forma: Dra. Elisabeth KehrerPresidenta Honoraria de la Fundaci\u00f3n Cultural Austriaco GuatemaltecaEmbajada de Austria en M\u00e9xico, M\u00e9xico Ciudad, M\u00e9xico MinR Lic. Hanspeter HuberPresidente de [&hellip;]<\/p>\n","protected":false},"author":1,"featured_media":0,"parent":0,"menu_order":0,"comment_status":"closed","ping_status":"closed","template":"","meta":{"ngg_post_thumbnail":0,"footnotes":""},"class_list":["post-89","page","type-page","status-publish","hentry"],"_links":{"self":[{"href":"https:\/\/iagtest.cloudns.ph\/de\/wp-json\/wp\/v2\/pages\/89","targetHints":{"allow":["GET"]}}],"collection":[{"href":"https:\/\/iagtest.cloudns.ph\/de\/wp-json\/wp\/v2\/pages"}],"about":[{"href":"https:\/\/iagtest.cloudns.ph\/de\/wp-json\/wp\/v2\/types\/page"}],"author":[{"embeddable":true,"href":"https:\/\/iagtest.cloudns.ph\/de\/wp-json\/wp\/v2\/users\/1"}],"replies":[{"embeddable":true,"href":"https:\/\/iagtest.cloudns.ph\/de\/wp-json\/wp\/v2\/comments?post=89"}],"version-history":[{"count":10,"href":"https:\/\/iagtest.cloudns.ph\/de\/wp-json\/wp\/v2\/pages\/89\/revisions"}],"predecessor-version":[{"id":2036,"href":"https:\/\/iagtest.cloudns.ph\/de\/wp-json\/wp\/v2\/pages\/89\/revisions\/2036"}],"wp:attachment":[{"href":"https:\/\/iagtest.cloudns.ph\/de\/wp-json\/wp\/v2\/media?parent=89"}],"curies":[{"name":"wp","href":"https:\/\/api.w.org\/{rel}","templated":true}]}}