{"id":909,"date":"2024-03-04T21:12:56","date_gmt":"2024-03-04T21:12:56","guid":{"rendered":"https:\/\/iagtest.cloudns.ph\/?page_id=909"},"modified":"2024-03-04T21:12:56","modified_gmt":"2024-03-04T21:12:56","slug":"links-biblioteca-2","status":"publish","type":"page","link":"https:\/\/iagtest.cloudns.ph\/de\/links-biblioteca-2\/","title":{"rendered":"Links Biblioteca"},"content":{"rendered":"<p><!--:es--><a href=\"javascript:window.history.back();\">\u00abRegresar<\/a><\/p>\n<h1 style=\"\"><span style=\"color: #5b1f65;\">LITERATURSUCHE<\/span><\/h1>\n<table width=\"100%\" border=\"1\">\n<tbody>\n<tr>\n<td width=\"252\"><span style=\"color: #000080; font-family: Arial; font-size: medium;;\">Online-Katalog des \u00d6sterr.<br \/>\nBibliothekenverbundes<\/span><\/td>\n<td width=\"332\"><a href=\"https:\/\/www.obvsg.at\/kataloge\/verbundkataloge\/\"><span style=\"font-family: Arial; font-size: medium;; font-size: medium;\">https:\/\/www.obvsg.at\/kataloge\/verbundkataloge\/<\/span><\/a><\/td>\n<\/tr>\n<tr>\n<td width=\"252\"><span style=\"color: #000080; font-family: Arial; font-size: medium;;\">\u00d6sterreichische Nationalbibliothek<\/span><\/td>\n<td width=\"332\"><a href=\"https:\/\/www.onb.ac.at\/\" target=\"_blank\" rel=\"noopener\"><span style=\"font-family: Arial; font-size: medium;; font-size: medium;\">https:\/\/www.onb.ac.at\/<\/span><\/a><\/td>\n<\/tr>\n<tr>\n<td width=\"252\"><span style=\"color: #000080; font-family: Arial; font-size: medium;;\">Buchservice d.\u00d6st. Bundes-<br \/>\nverlages:<br \/>\nlieferbare B\u00fccher (mit  online-Bestellm\u00f6glichkeit)<\/span><\/td>\n<td width=\"332\"><span style=\"font-family: Arial; font-size: medium;; font-size: medium;\"><a href=\"http:\/\/www.buchservice.at\/\">http:\/\/www.buchservice.at\/<\/a><\/span><\/td>\n<\/tr>\n<tr>\n<td width=\"252\"><span style=\"color: #000080; font-family: Arial; font-size: medium;;\">Datenbank f\u00fcr lieferbare B\u00fccher,<br \/>\nSoftware, CDs, Videos (mit online-Bestellm\u00f6glichkeit)<\/span><\/td>\n<td width=\"332\"><span style=\"font-family: Arial; font-size: medium;; font-size: medium;\"><a href=\"http:\/\/www.buchkatalog.de\/\">http:\/\/www.buchkatalog.de\/<\/a><\/span><\/td>\n<\/tr>\n<tr>\n<td width=\"252\"><span style=\"color: #000080; font-family: Arial; font-size: medium;;\">B\u00fccher, CDs, Videos (mit<br \/>\nonline-Bestellm\u00f6glichkeit)<\/span><\/td>\n<td width=\"332\"><span style=\"font-family: Arial; font-size: medium;; font-size: medium;\"><a href=\"http:\/\/www.amazon.de\/\">http:\/\/www.amazon.de\/<\/a><\/span><\/td>\n<\/tr>\n<tr>\n<td width=\"252\"><span style=\"color: #000080; font-family: Arial; font-size: medium;;\">Buchklub der Jugend (Kinder- und<br \/>\nJugendb\u00fccher)<\/span><\/td>\n<td width=\"332\"><a href=\"http:\/\/www.buchklub.at\/\"><span style=\"font-family: Arial; font-size: medium;; font-size: medium;\">http:\/\/www.buchklub.at<\/span><\/a><\/td>\n<\/tr>\n<\/tbody>\n<\/table>\n<h1 style=\"text-align: center;\"><\/h1>\n<h1 style=\"\"><span style=\"color: #5b1f65;\">Lexika\/Nachschlagewerke<\/span><\/h1>\n<table width=\"100%\" border=\"1\">\n<tbody>\n<tr>\n<td width=\"252\"><span style=\"color: #400080; font-family: Arial; font-size: medium;; font-size: medium;\"><b><i>Allgemeine<br \/>\nNachschlagewerke<\/i><\/b><\/span><\/td>\n<td valign=\"top\" width=\"316\"><\/td>\n<\/tr>\n<tr>\n<td width=\"252\"><span style=\"color: #000080; font-family: Arial; font-size: medium;; font-size: medium;\">Encyclopaedia Britan-<br \/>\nnica<br \/>\nonline<\/span><\/td>\n<td valign=\"top\" width=\"316\"><span style=\"font-family: Arial; font-size: medium;; font-size: medium;\"><a href=\"http:\/\/www.eb.com\/\" target=\"_blank\" rel=\"noopener\">http:\/\/www.eb.com\/<\/a><\/span><\/td>\n<\/tr>\n<tr>\n<td width=\"252\"><span style=\"color: #000080; font-family: Arial; font-size: medium;; font-size: medium;\">Woerterbuchnetz<\/span><\/td>\n<td valign=\"top\" width=\"316\"><span style=\"font-family: Arial; font-size: medium;; font-size: medium;\"><a href=\"http:\/\/www.woerterbuchnetz.de\/cgi-bin\/WBNetz\/setupStartSeite.tcl\">http:\/\/www.woerterbuchnetz.de\/cgi-bin\/WBNetz\/setupStartSeite.tcl<\/a><\/span><\/td>\n<\/tr>\n<tr>\n<td width=\"252\"><span style=\"color: #000080; font-family: Arial; font-size: medium;; font-size: medium;\"><b><i>Spezielle<br \/>\nNachschlagewerke<\/i><\/b><\/span><\/td>\n<td valign=\"top\" width=\"316\"><\/td>\n<\/tr>\n<tr>\n<td width=\"252\"><span style=\"color: #000080; font-family: Arial; font-size: medium;; font-size: medium;\">B\u00f6rsenlexikon<\/span><\/td>\n<td valign=\"top\" width=\"316\"><span style=\"font-family: Arial; font-size: medium;; font-size: medium;\"><a href=\"http:\/\/www.boersenlexikon.de\/\">http:\/\/www.boersenlexikon.de\/<\/a><\/span><\/td>\n<\/tr>\n<tr>\n<td width=\"252\"><span style=\"color: #000080; font-family: Arial; font-size: medium;; font-size: medium;\">\u00d6sterreich &#8211; Lexikon<\/span><\/td>\n<td valign=\"top\" width=\"316\"><a href=\"https:\/\/austria-forum.org\/af\/AEIOU\"><span style=\"font-family: Arial; font-size: medium;; font-size: medium;\">https:\/\/austria-forum.org\/af\/AEIOU<\/span><\/a><\/td>\n<\/tr>\n<\/tbody>\n<\/table>\n<h1 style=\"text-align: center;\"><\/h1>\n<h1 style=\"text-align: center;\"><span style=\"color: #5b1f65;\">Sprachreisen<\/span><\/h1>\n<table width=\"100%\" border=\"1\">\n<tbody>\n<td width=\"252\" height=\"19\"><span style=\"color: #000080; font-family: Arial; font-size: medium;;\">Auslands-Sprachreisen<\/span><\/td>\n<td width=\"316\" height=\"19\"><a href=\"http:\/\/www.actilingua.com\"><span style=\"font-family: Arial; font-size: medium;;\">http:\/\/www.actilingua.com<\/span><\/a><\/td>\n<\/tr>\n<tr>\n<td width=\"215\" height=\"19\"><\/td>\n<td width=\"316\" height=\"19\"><span style=\"font-family: Arial; font-size: medium;;\"><a href=\"http:\/\/www.ef.com\/\">http:\/\/www.ef.com\/<\/a><\/span><\/td>\n<\/tr>\n<tr>\n<td width=\"215\" height=\"19\"><\/td>\n<td width=\"316\" height=\"19\"><span style=\"font-family: Arial; font-size: medium;;\"><a href=\"http:\/\/www.language.de\/team\/schueler\">http:\/\/www.language.de\/team\/schueler<\/a><\/span><\/td>\n<\/tr>\n<\/tbody>\n<\/table>\n<p><!--:--><\/p>","protected":false},"excerpt":{"rendered":"<p>\u00abRegresar LITERATURSUCHE Online-Katalog des \u00d6sterr. Bibliothekenverbundes https:\/\/www.obvsg.at\/kataloge\/verbundkataloge\/ \u00d6sterreichische Nationalbibliothek https:\/\/www.onb.ac.at\/ Buchservice d.\u00d6st. Bundes- verlages: lieferbare B\u00fccher (mit online-Bestellm\u00f6glichkeit) http:\/\/www.buchservice.at\/ Datenbank f\u00fcr lieferbare B\u00fccher, Software, CDs, Videos (mit online-Bestellm\u00f6glichkeit) http:\/\/www.buchkatalog.de\/ B\u00fccher, CDs, Videos (mit online-Bestellm\u00f6glichkeit) http:\/\/www.amazon.de\/ Buchklub der Jugend (Kinder- und Jugendb\u00fccher) http:\/\/www.buchklub.at Lexika\/Nachschlagewerke Allgemeine Nachschlagewerke Encyclopaedia Britan- nica online http:\/\/www.eb.com\/ Woerterbuchnetz http:\/\/www.woerterbuchnetz.de\/cgi-bin\/WBNetz\/setupStartSeite.tcl Spezielle Nachschlagewerke B\u00f6rsenlexikon [&hellip;]<\/p>\n","protected":false},"author":1,"featured_media":0,"parent":0,"menu_order":0,"comment_status":"closed","ping_status":"closed","template":"","meta":{"ngg_post_thumbnail":0,"footnotes":""},"class_list":["post-909","page","type-page","status-publish","hentry"],"_links":{"self":[{"href":"https:\/\/iagtest.cloudns.ph\/de\/wp-json\/wp\/v2\/pages\/909","targetHints":{"allow":["GET"]}}],"collection":[{"href":"https:\/\/iagtest.cloudns.ph\/de\/wp-json\/wp\/v2\/pages"}],"about":[{"href":"https:\/\/iagtest.cloudns.ph\/de\/wp-json\/wp\/v2\/types\/page"}],"author":[{"embeddable":true,"href":"https:\/\/iagtest.cloudns.ph\/de\/wp-json\/wp\/v2\/users\/1"}],"replies":[{"embeddable":true,"href":"https:\/\/iagtest.cloudns.ph\/de\/wp-json\/wp\/v2\/comments?post=909"}],"version-history":[{"count":1,"href":"https:\/\/iagtest.cloudns.ph\/de\/wp-json\/wp\/v2\/pages\/909\/revisions"}],"predecessor-version":[{"id":910,"href":"https:\/\/iagtest.cloudns.ph\/de\/wp-json\/wp\/v2\/pages\/909\/revisions\/910"}],"wp:attachment":[{"href":"https:\/\/iagtest.cloudns.ph\/de\/wp-json\/wp\/v2\/media?parent=909"}],"curies":[{"name":"wp","href":"https:\/\/api.w.org\/{rel}","templated":true}]}}