{"id":97,"date":"2023-06-16T16:28:06","date_gmt":"2023-06-16T16:28:06","guid":{"rendered":"https:\/\/iagtest.cloudns.ph\/?page_id=97"},"modified":"2026-03-05T13:30:43","modified_gmt":"2026-03-05T13:30:43","slug":"preprimaria","status":"publish","type":"page","link":"https:\/\/iagtest.cloudns.ph\/de\/preprimaria\/","title":{"rendered":"Vorschule"},"content":{"rendered":"<div data-elementor-type=\"wp-page\" data-elementor-id=\"97\" class=\"elementor elementor-97\" data-elementor-post-type=\"page\">\n\t\t\t\t<div class=\"elementor-element elementor-element-152bf22 e-flex e-con-boxed e-con e-parent\" data-id=\"152bf22\" data-element_type=\"container\" data-e-type=\"container\">\n\t\t\t\t\t<div class=\"e-con-inner\">\n\t\t\t\t<div class=\"elementor-element elementor-element-b5e96a2 elementor-widget elementor-widget-text-editor\" data-id=\"b5e96a2\" data-element_type=\"widget\" data-e-type=\"widget\" data-widget_type=\"text-editor.default\">\n\t\t\t\t\t\t\t\t\t<p>Die vorschulische Ausbildung wird in einer systematischen und zielgerichteten Weise f\u00fcr die Kinder zwischen 4 bis 7 Jahren gelehrt, und es handelt sich dabei  um die  grundlegendste in der Entwicklung der kindlichen F\u00e4higkeiten.  \nDer Kindergarten der \u00d6sterreichischen Schule in Guatemala besteht aus 6 Klassen mit h\u00f6chstens 32 Kindern pro Klasse und der Vorschule (Preparatoria) mit 3 Klassen mit ebenfalls jeweils 32 Kindern pro Klasse. Jede Gruppe wird von 2 erfahrenen Lehrerinnen gef\u00fchrt.<\/p><p><strong><u>Philosophische Grundlagen<\/u><\/strong><\/p><p>Die Ausbildungsphilosophie dieser Ausbildungsstufe an der \u00d6sterreichischen Schule Guatemala  verfolgt eine ganzheitliche und harmonische Entwicklung in den psychobiologischen Bereichen eines jeden Kindes, die auch die geistige und chronologische Entwicklung ber\u00fccksichtigt. Diese Philosophie verfolgt die Meinung, dass Kinder beim Tun lernen, also Aktivit\u00e4ten ausf\u00fchren, wo sie nicht nur h\u00f6ren oder sehen m\u00fcssen, sondern wo sie auch Aufgaben bekommen und wo sie alle ihre Sinne benutzen m\u00fcssen, wodurch das Lernen bedeutsamer wird. Mit diesem Ansatz arbeiten, erfinden, erschaffen, handeln und spielen die Kinder.<\/p><p><span lang=\"es\"><strong><u>Allgemeine Ziele<\/u><\/strong><\/span><\/p><ul><li>Entwicklung von Unabh\u00e4ngigkeit und Selbst\u00e4ndigkeit<\/li><li>Interaktion mit anderen Kindern<\/li><li>Entwicklung und St\u00e4rkung k\u00f6rperlicher F\u00e4higkeiten<\/li><li>Erweiterung des Wortschatzes im Umgang mit anderen Kindern<\/li><li>Entwicklung kritischen Denkens und der Kreativit\u00e4t<\/li><\/ul><p><span lang=\"es\">\u00a0<br \/><strong><u>Lehrplan<\/u><\/strong><\/span><\/p><p><span lang=\"es\">Der Lehrplan der vorschulischen Ausbildung ist nach den Gebieten, welche der Struktur der Kenntnisse in den unterschiedlichen Stufen der geistigen Entwicklung zwischen 4 und 7 Jahren entspricht, aufgbeaut; diese richtet sich nach dem Nationalen Grundlehrplan und wird mit Methoden und Techniken europ\u00e4ischer Vorschul-Lehrprogramme vervollst\u00e4ndigt.<\/span><\/p><p><span lang=\"es\"><strong><u>Lehrplanbereiche<\/u><\/strong><\/span><\/p><p><span lang=\"es\">F\u00fcr die Entwicklung der interdisziplin\u00e4ren Integration wird in folgenden Bereichen gearbeitet:  Denkf\u00e4higkeit, Sozial- und Naturalumwelt, Kunstausdruck, Leibeserziehung, Kommunikation und Sprache.<\/span><\/p><p><span lang=\"es\">Einf\u00fchrung in die deutsche Sprache, Mathematik auf Deutsch, Schwimmen in der Vorschule.<\/span><\/p>\t\t\t\t\t\t\t\t<\/div>\n\t\t\t\t\t<\/div>\n\t\t\t\t<\/div>\n\t\t\t\t<\/div>","protected":false},"excerpt":{"rendered":"<p>Educaci\u00f3n inicial se le denomina a la etapa de desarrollo del ni\u00f1o de los 0 a los 6 a\u00f1os. La Educaci\u00f3n Preprimaria es la que se recibe en forma sistem\u00e1tica y escolarizada entre los 4 y los 7 a\u00f1os. Es la etapa de aprendizaje b\u00e1sico m\u00e1s r\u00e1pida y enriquecedora.El Kindergarten del Instituto Austriaco Guatemalteco est\u00e1 [&hellip;]<\/p>\n","protected":false},"author":1,"featured_media":0,"parent":0,"menu_order":0,"comment_status":"closed","ping_status":"closed","template":"","meta":{"ngg_post_thumbnail":0,"footnotes":""},"class_list":["post-97","page","type-page","status-publish","hentry"],"_links":{"self":[{"href":"https:\/\/iagtest.cloudns.ph\/de\/wp-json\/wp\/v2\/pages\/97","targetHints":{"allow":["GET"]}}],"collection":[{"href":"https:\/\/iagtest.cloudns.ph\/de\/wp-json\/wp\/v2\/pages"}],"about":[{"href":"https:\/\/iagtest.cloudns.ph\/de\/wp-json\/wp\/v2\/types\/page"}],"author":[{"embeddable":true,"href":"https:\/\/iagtest.cloudns.ph\/de\/wp-json\/wp\/v2\/users\/1"}],"replies":[{"embeddable":true,"href":"https:\/\/iagtest.cloudns.ph\/de\/wp-json\/wp\/v2\/comments?post=97"}],"version-history":[{"count":8,"href":"https:\/\/iagtest.cloudns.ph\/de\/wp-json\/wp\/v2\/pages\/97\/revisions"}],"predecessor-version":[{"id":2136,"href":"https:\/\/iagtest.cloudns.ph\/de\/wp-json\/wp\/v2\/pages\/97\/revisions\/2136"}],"wp:attachment":[{"href":"https:\/\/iagtest.cloudns.ph\/de\/wp-json\/wp\/v2\/media?parent=97"}],"curies":[{"name":"wp","href":"https:\/\/api.w.org\/{rel}","templated":true}]}}