{"id":99,"date":"2023-06-16T16:28:40","date_gmt":"2023-06-16T16:28:40","guid":{"rendered":"https:\/\/iagtest.cloudns.ph\/?page_id=99"},"modified":"2026-03-05T13:42:46","modified_gmt":"2026-03-05T13:42:46","slug":"primaria-1-3","status":"publish","type":"page","link":"https:\/\/iagtest.cloudns.ph\/de\/primaria-1-3\/","title":{"rendered":"Volksschule 1-3"},"content":{"rendered":"<div data-elementor-type=\"wp-page\" data-elementor-id=\"99\" class=\"elementor elementor-99\" data-elementor-post-type=\"page\">\n\t\t\t\t<div class=\"elementor-element elementor-element-a231549 e-flex e-con-boxed e-con e-parent\" data-id=\"a231549\" data-element_type=\"container\" data-e-type=\"container\">\n\t\t\t\t\t<div class=\"e-con-inner\">\n\t\t\t\t<div class=\"elementor-element elementor-element-fe933b1 elementor-widget elementor-widget-text-editor\" data-id=\"fe933b1\" data-element_type=\"widget\" data-e-type=\"widget\" data-widget_type=\"text-editor.default\">\n\t\t\t\t\t\t\t\t\t<p>Nach zwei Kindergartenjahren und einem Jahr in der Preparatoria, in denen unsere Sch\u00fclerInnen mit Deutsch vertraut gemacht wurden, werden sie in der 1. \u2013 3. Primaria Volksschule von \u00f6sterreichischen LehrerInnen mit Muttersprache Deutsch in den Gegenst\u00e4nden Deutsch, Mathematik, Musik und Zeichnen unterrichtet.<\/p><p>Ab der 1. Primaria beginnen unsere Sch\u00fclerInnen auch in Deutsch zu schreiben. Es werden einfache S\u00e4tze gemeinsam erarbeitet, mit denen in weiterer Folge im Unterricht gearbeitet wird. Am besten funktioniert eine interaktive Methodologie mit Fragen und Antworten. Wobei die Sch\u00fclerInnen miteinander nat\u00fcrlich auch auf Deutsch sprechen.<\/p><p>Weiters werden in jeder Klasse der Primaria bestimmte Verben konjugiert und damit in S\u00e4tzen und kleinen Texten gearbeitet. Der Grundwortschatz richtet sich nach dem jeweiligen Lehrwerk und erweitert sich dadurch j\u00e4hrlich. Im Unterricht wird versucht mit den Sch\u00fclerInnen m\u00f6glichst viel in Deutsch zu sprechen, um ihnen schon fr\u00fch ein Gef\u00fchl f\u00fcr die deutsche Sprache zu vermitteln. Dadurch ist es m\u00f6glich, dass am Ende der 3. Primaria das Sprachdiplom KID A1 abgelegt werden kann.<\/p><p>Mit Hilfe moderner Medien versuchen wir, den Deutschunterricht noch interessanter und abwechslungsreicher zu gestalten.<\/p><p>Mathematik wird mit Lehrb\u00fcchern aus \u00d6sterreich unterrichtet. Die Grundrechnungsarten werden wie in \u00d6sterreich erarbeitet. Die Mathematikstunden werden ebenfalls ausschlie\u00dflich in Deutsch gehalten. Was besonders bei den Sachaufgaben eine Herausforderung f\u00fcr die Sch\u00fclerInnen darstellt. In der 3. Primaria werden bereits Schularbeiten in Mathematik geschrieben, die sich nicht wesentlich von jenen in \u00d6sterreich unterscheiden.<\/p>\t\t\t\t\t\t\t\t<\/div>\n\t\t\t\t\t<\/div>\n\t\t\t\t<\/div>\n\t\t\t\t<\/div>","protected":false},"excerpt":{"rendered":"<p>Despu\u00e9s de tres a\u00f1os en Preprimaria, en los cuales nuestros alumnos se familiarizaron con el idioma alem\u00e1n, en Primaria 1-3 los maestros con idioma materno alem\u00e1n imparten las materias de Idioma Alem\u00e1n, Matem\u00e1tica, M\u00fasica y Artes Pl\u00e1sticas. Desde primer grado de Primaria, nuestros alumnos comienzan a redactar en alem\u00e1n. Escriben oraciones simples, con las cuales [&hellip;]<\/p>\n","protected":false},"author":1,"featured_media":0,"parent":0,"menu_order":0,"comment_status":"closed","ping_status":"closed","template":"","meta":{"ngg_post_thumbnail":0,"footnotes":""},"class_list":["post-99","page","type-page","status-publish","hentry"],"_links":{"self":[{"href":"https:\/\/iagtest.cloudns.ph\/de\/wp-json\/wp\/v2\/pages\/99","targetHints":{"allow":["GET"]}}],"collection":[{"href":"https:\/\/iagtest.cloudns.ph\/de\/wp-json\/wp\/v2\/pages"}],"about":[{"href":"https:\/\/iagtest.cloudns.ph\/de\/wp-json\/wp\/v2\/types\/page"}],"author":[{"embeddable":true,"href":"https:\/\/iagtest.cloudns.ph\/de\/wp-json\/wp\/v2\/users\/1"}],"replies":[{"embeddable":true,"href":"https:\/\/iagtest.cloudns.ph\/de\/wp-json\/wp\/v2\/comments?post=99"}],"version-history":[{"count":5,"href":"https:\/\/iagtest.cloudns.ph\/de\/wp-json\/wp\/v2\/pages\/99\/revisions"}],"predecessor-version":[{"id":2141,"href":"https:\/\/iagtest.cloudns.ph\/de\/wp-json\/wp\/v2\/pages\/99\/revisions\/2141"}],"wp:attachment":[{"href":"https:\/\/iagtest.cloudns.ph\/de\/wp-json\/wp\/v2\/media?parent=99"}],"curies":[{"name":"wp","href":"https:\/\/api.w.org\/{rel}","templated":true}]}}