{"id":438,"date":"2023-07-24T21:19:37","date_gmt":"2023-07-24T21:19:37","guid":{"rendered":"https:\/\/iagtest.cloudns.ph\/demo\/?page_id=438"},"modified":"2023-07-24T21:19:49","modified_gmt":"2023-07-24T21:19:49","slug":"sobre-nosotros","status":"publish","type":"page","link":"https:\/\/iagtest.cloudns.ph\/demo\/sobre-nosotros\/","title":{"rendered":"Sobre nosotros"},"content":{"rendered":"\n<table id=\"tablepress-2\" class=\"tablepress tablepress-id-2\">\n<tbody>\n<tr class=\"row-1\">\n\t<td class=\"column-1\"><\/td><td class=\"column-2\"><b>Un lugar de educaci\u00f3n a niveles de primaria, secundaria y universidad:<\/b><br \/>\nTrabajamos con los alumnos y estudiantes de varios institutos. Los peque\u00f1os gozan de la liberaci\u00f3n de tortugitas reci\u00e9n nacidas, los grandes en varias actividades en nuestras instalaciones del sitio. Cada a\u00f1o premiamos los hueveros mejores de la aldea e invitamos a sus familias por un almuerzo en nuestras instalaciones dando informaciones actuales y resfuerzos.<\/td>\n<\/tr>\n<tr class=\"row-2\">\n\t<td class=\"column-1\"><\/td><td class=\"column-2\"><b>Un \u00e1rea de ciencias:<\/b><br \/>\nRegistramos la cantidad y porcentaje de los huevos incubados, huevos hueros, de las cr\u00edas y otros par\u00e1metros. Estudiantes y voluntarios nos ayudan en varios aspectos. El encargado y director cient\u00edfico del proyecto asiste al simposio internacional de las tortugas marinas de cada a\u00f1o y vuelve con los resultados y nuevas ideas de las ricercas en todo el mundo.<\/td>\n<\/tr>\n<tr class=\"row-3\">\n\t<td class=\"column-1\"><\/td><td class=\"column-2\"><b>Un proyecto de conservaci\u00f3n:<\/b><br \/>\nLa situaci\u00f3n de las tortugas marinas en Guatemala es muy deplorable. Nidos de tortugas no pueden alcanzar al estadio de nacimiento de las cr\u00edas. Hueveros comerciales recolectan los huevos ya cuando salgan de la hembra poniendo sus huevos en su nido. Solamente un porcentaje de 20% de cada nido se tiene que donar a los tortugarios por ley. Controles son scarsos y una gran parte de los huevos llegan en los mercados. Nuestros trabajadores en El Garit\u00f3n reciben las donaciones y los incuban en nuestro vivero amplio.<\/td>\n<\/tr>\n<tr class=\"row-4\">\n\t<td class=\"column-1\"><\/td><td class=\"column-2\"><b>Un hogar para hu\u00e9spedes:<\/b><br \/>\nAlumnos, miembros de ambos colegios y visitantes de todo el mundo pueden visitarnos. Cada a\u00f1o los bi\u00f3logos de nuestros colegios llegan con sus alumnos y les dan clases espec\u00edficas sobre la conservaci\u00f3n y la ecolog\u00eda de las tortugas marinas. La especie m\u00e1s abundante (Lepidochelys olivacea, parlama u olive ridley) viene identificado y estudiado profundamente. Los alumnos de secundaria gozan del aire abierto y la seguridad del sitio, la noche con sus estrellas y la naturaleza de la playa en general.<\/td>\n<\/tr>\n<\/tbody>\n<\/table>\n<!-- #tablepress-2 from cache -->\n","protected":false},"excerpt":{"rendered":"","protected":false},"author":1,"featured_media":0,"parent":0,"menu_order":0,"comment_status":"closed","ping_status":"closed","template":"","meta":{"ngg_post_thumbnail":0,"footnotes":""},"class_list":["post-438","page","type-page","status-publish","hentry"],"_links":{"self":[{"href":"https:\/\/iagtest.cloudns.ph\/demo\/wp-json\/wp\/v2\/pages\/438","targetHints":{"allow":["GET"]}}],"collection":[{"href":"https:\/\/iagtest.cloudns.ph\/demo\/wp-json\/wp\/v2\/pages"}],"about":[{"href":"https:\/\/iagtest.cloudns.ph\/demo\/wp-json\/wp\/v2\/types\/page"}],"author":[{"embeddable":true,"href":"https:\/\/iagtest.cloudns.ph\/demo\/wp-json\/wp\/v2\/users\/1"}],"replies":[{"embeddable":true,"href":"https:\/\/iagtest.cloudns.ph\/demo\/wp-json\/wp\/v2\/comments?post=438"}],"version-history":[{"count":1,"href":"https:\/\/iagtest.cloudns.ph\/demo\/wp-json\/wp\/v2\/pages\/438\/revisions"}],"predecessor-version":[{"id":439,"href":"https:\/\/iagtest.cloudns.ph\/demo\/wp-json\/wp\/v2\/pages\/438\/revisions\/439"}],"wp:attachment":[{"href":"https:\/\/iagtest.cloudns.ph\/demo\/wp-json\/wp\/v2\/media?parent=438"}],"curies":[{"name":"wp","href":"https:\/\/api.w.org\/{rel}","templated":true}]}}