{"id":441,"date":"2023-07-24T21:41:31","date_gmt":"2023-07-24T21:41:31","guid":{"rendered":"https:\/\/iagtest.cloudns.ph\/demo\/?page_id=441"},"modified":"2023-07-24T21:41:38","modified_gmt":"2023-07-24T21:41:38","slug":"noticias","status":"publish","type":"page","link":"https:\/\/iagtest.cloudns.ph\/demo\/noticias\/","title":{"rendered":"Noticias"},"content":{"rendered":"\n<table id=\"tablepress-3\" class=\"tablepress tablepress-id-3\">\n<tbody>\n<tr class=\"row-1\">\n\t<td class=\"column-1\">2014<\/td><td class=\"column-2\"><b>Trabajo con los colegios<\/b><br \/>\nSe contin\u00faa el trabajo de capacitaci\u00f3n y las visitas de grupos de alumnos de ambos colegios.<\/td>\n<\/tr>\n<tr class=\"row-2\">\n\t<td class=\"column-1\"><\/td><td class=\"column-2\"><b>Liberaci\u00f3n de tortugas marinas<\/b><br \/>\nLiberaci\u00f3n de 28 baules (Dermatochelys coriacea) despu\u00e9s de muchos a\u00f1os sin incubaciones de esta especie (la m\u00e1s grande le las tortugas marinas).<\/td>\n<\/tr>\n<tr class=\"row-3\">\n\t<td class=\"column-1\"><\/td><td class=\"column-2\"><b>Fiesta<\/b><br \/>\nFiesta para profesores y miembros de la administraci\u00f3n.<\/td>\n<\/tr>\n<tr class=\"row-4\">\n\t<td class=\"column-1\"><\/td><td class=\"column-2\"><b>Nuevo dise\u00f1o<\/b><br \/>\nSe invierte en playeras nuevas y stickers (dise\u00f1o por alumnos del IAG, Michael Ebner y Peter Weilharter; gracias a Angelika Maier!) para venderlos en las fiestas del IAG y CVG.<\/td>\n<\/tr>\n<tr class=\"row-5\">\n\t<td class=\"column-1\"><\/td><td class=\"column-2\"><b>Trabajos de renovaci\u00f3n<\/b><br \/>\nTrabajos de renovaci\u00f3n (ranchito, nueva ducha externa, nueva pintura para todos los edificios etc.).<\/td>\n<\/tr>\n<tr class=\"row-6\">\n\t<td class=\"column-1\"><\/td><td class=\"column-2\"><b>Junta directiva<\/b><br \/>\nDr. Michael Ebner deviene nuevo encargado cient\u00edfico. La junta directiva se constituye.<br \/>\n<br \/>\nPresidente: Michael Ebner<br \/>\nTesorero: Arnold Leitner<br \/>\nSecretaria: Ulrike Marek<br \/>\nMiembros: Brenda S\u00e1nchez (CVG), Michael Peitler, Peter Weilharter, Angelika Maier, Karin Maier, Birgit Winder, Claudia Steiner, Bernadette Laimer, Thomas Schlager, Judith Weinzoedl, Sergio Montenegro.<\/td>\n<\/tr>\n<tr class=\"row-7\">\n\t<td class=\"column-1\">2013<\/td><td class=\"column-2\"><b>Visita al tortugario<\/b><br \/>\nAlumnos del IAG y del Colegio Viena visitan el tortugario, reciben capacitaci\u00f3n y ayudan buscando y comprando nidos y huevos.<\/td>\n<\/tr>\n<tr class=\"row-8\">\n\t<td class=\"column-1\"><\/td><td class=\"column-2\"><b>Nuevo techo de palma<\/b><br \/>\nSe acepta a Orlando Mart\u00ednez, hijo de Eleazar Mart\u00ednez como segundo trabajador. La casa principal recibe un nuevo techo de palma.<\/td>\n<\/tr>\n<\/tbody>\n<\/table>\n<!-- #tablepress-3 from cache -->\n","protected":false},"excerpt":{"rendered":"","protected":false},"author":1,"featured_media":0,"parent":0,"menu_order":0,"comment_status":"closed","ping_status":"closed","template":"","meta":{"ngg_post_thumbnail":0,"footnotes":""},"class_list":["post-441","page","type-page","status-publish","hentry"],"_links":{"self":[{"href":"https:\/\/iagtest.cloudns.ph\/demo\/wp-json\/wp\/v2\/pages\/441","targetHints":{"allow":["GET"]}}],"collection":[{"href":"https:\/\/iagtest.cloudns.ph\/demo\/wp-json\/wp\/v2\/pages"}],"about":[{"href":"https:\/\/iagtest.cloudns.ph\/demo\/wp-json\/wp\/v2\/types\/page"}],"author":[{"embeddable":true,"href":"https:\/\/iagtest.cloudns.ph\/demo\/wp-json\/wp\/v2\/users\/1"}],"replies":[{"embeddable":true,"href":"https:\/\/iagtest.cloudns.ph\/demo\/wp-json\/wp\/v2\/comments?post=441"}],"version-history":[{"count":1,"href":"https:\/\/iagtest.cloudns.ph\/demo\/wp-json\/wp\/v2\/pages\/441\/revisions"}],"predecessor-version":[{"id":449,"href":"https:\/\/iagtest.cloudns.ph\/demo\/wp-json\/wp\/v2\/pages\/441\/revisions\/449"}],"wp:attachment":[{"href":"https:\/\/iagtest.cloudns.ph\/demo\/wp-json\/wp\/v2\/media?parent=441"}],"curies":[{"name":"wp","href":"https:\/\/api.w.org\/{rel}","templated":true}]}}